{"id":3527,"date":"2025-11-14T13:56:45","date_gmt":"2025-11-14T13:56:45","guid":{"rendered":"https:\/\/shop.violetakom.art\/?post_type=product&#038;p=3527"},"modified":"2025-11-14T14:28:15","modified_gmt":"2025-11-14T14:28:15","slug":"sun-kissed-forest","status":"publish","type":"product","link":"https:\/\/shop.violetakom.art\/lt\/produktas\/sun-kissed-forest\/","title":{"rendered":"Saul\u0117s Nubu\u010diuotas Mi\u0161kas"},"content":{"rendered":"<div id=\"Product-content-5335e7fe-3d72-4666-878b-d86cd8fc00767889762877659\" class=\"collapsible-content collapsible-content--all is-open\">\n<div class=\"collapsible-content__inner rte\"><\/div>\n<p style=\"text-align: center;\"><strong>\u201eKai saul\u0117 \u0161velniai nubu\u010diuoja mi\u0161ko lapus, o oras prisipildo \u017e\u0117rin\u010di\u0173 spinduli\u0173 \u2014 i\u0161 to jausmo gim\u0117 \u0161is paveikslas. I\u0161 t\u0173 akimirk\u0173, kai viduje pasidaro lengva ir mink\u0161ta, kai saul\u0117s \u0161iluma glosto skruostus, o \u0161iltas v\u0117jelis \u017eaid\u017eia tavo plaukuose. Kai mi\u0161kas pra\u017eysta aplink tave, dovanodamas \u017ealius, auksinius ir saman\u0173 atspalvius lyg tyli\u0105 pasak\u0105. Kai meil\u0117 praslysta per tavo \u0161ypsen\u0105, o ka\u017ekur giliai viduje pradeda skamb\u0117ti ma\u017eyt\u0117, \u0161velni daina.<\/strong><\/p>\n<p>&nbsp;<\/p>\n<p style=\"text-align: center;\"><strong>\u0160is k\u016brinys yra susipyn\u0119s \u0161okis tarp \u017emogaus sielos ir mi\u0161ko \u2014 ten, kur spalvos, poj\u016b\u010diai ir tekst\u016bros susilieja \u012f vien\u0105 bendr\u0105 ritm\u0105. \u017demi\u0161ki tonai, saman\u0173 \u017ealuma, auksiniai \u017eybsniai ir \u0161velni \u0161viesa susijungia \u012f \u0161ilt\u0105, nat\u016brali\u0105 harmonij\u0105. Tikri mi\u0161ko elementai \u2014 kankor\u0117\u017eiai, samanos, mediniai \u017eiedai, \u017eiev\u0117s gabal\u0117liai ir \u0161vytintys gintaras \u2014 kuria turting\u0105, gyv\u0105 tekst\u016br\u0105, lyg ma\u017eus gamtos fragmentus, ne\u0161iojamus tavo \u0161irdyje.<\/strong><\/p>\n<p style=\"text-align: center;\"><strong style=\"font-size: 16px;\" data-start=\"1288\" data-end=\"1327\"><strong data-start=\"1090\" data-end=\"1113\">\u201eSaul\u0117s pabu\u010diuotas mi\u0161kas\u201c<\/strong> kalba apie \u0161ilum\u0105, lengvum\u0105 ir tyli\u0105 d\u017eiaugsmo bang\u0105 \u2014 t\u0105, kuri u\u017elieja, kai gamta palie\u010dia ne tik tavo akis, bet ir tavo vidin\u012f pasaul\u012f.<\/strong><\/p>\n<p><img fetchpriority=\"high\" decoding=\"async\" class=\"alignnone size-medium wp-image-2419 aligncenter\" src=\"https:\/\/shop.violetakom.art\/wp-content\/uploads\/2022\/11\/Violeta-Kom_black_low-res-300x200.png\" alt=\"\" width=\"300\" height=\"200\" srcset=\"https:\/\/shop.violetakom.art\/wp-content\/uploads\/2022\/11\/Violeta-Kom_black_low-res-300x200.png 300w, https:\/\/shop.violetakom.art\/wp-content\/uploads\/2022\/11\/Violeta-Kom_black_low-res-600x400.png 600w, https:\/\/shop.violetakom.art\/wp-content\/uploads\/2022\/11\/Violeta-Kom_black_low-res-1024x683.png 1024w, https:\/\/shop.violetakom.art\/wp-content\/uploads\/2022\/11\/Violeta-Kom_black_low-res-768x512.png 768w, https:\/\/shop.violetakom.art\/wp-content\/uploads\/2022\/11\/Violeta-Kom_black_low-res.png 1500w\" sizes=\"(max-width: 300px) 100vw, 300px\" \/><\/p>\n<p>&nbsp;<\/p>\n<p>&nbsp;<\/p>\n<div class=\"collapsible-content__inner rte\">\n<p style=\"text-align: left;\"><strong><button class=\"label collapsible-trigger collapsible-trigger-btn collapsible-trigger-btn--borders collapsible--auto-height is-open\" type=\"button\" aria-controls=\"Product-content-5335e7fe-3d72-4666-878b-d86cd8fc00767889762877659\" aria-expanded=\"true\">PRIEMON\u0116S<\/button><\/strong><\/p>\n<p style=\"text-align: left;\">Akriliniai da\u017eai ant auk\u0161tos kokyb\u0117s drob\u0117s. Drob\u0117s gylis (\u0161ono storis) yra 3,5 cm. \u0160onai nutapyti, tod\u0117l paveikslas paruo\u0161tas kabinti, \u012fr\u0117minti neb\u016btina.<\/p>\n<p>\u0160is meno k\u016brinys padengtas plonu blizgaus UV lako sluoksniu. Pridedama kabinimo sistema, paveikslas paruo\u0161tas kabinti ant sienos.<\/p>\n<\/div>\n<div class=\"collapsible-content__inner rte\">\n<p><button class=\"label collapsible-trigger collapsible-trigger-btn collapsible-trigger-btn--borders collapsible--auto-height is-open\" type=\"button\" aria-controls=\"Product-content-tab7889762877659\" aria-expanded=\"true\">PRISTATYMAS<\/button><\/p>\n<div id=\"Product-content-tab7889762877659\" class=\"collapsible-content collapsible-content--all is-open\">\n<div class=\"collapsible-content__inner rte\">\n<p>\u0160is originalus paveikslas bus supakuotas ir i\u0161si\u0173stas jums per 3 darbo dienas. Kai paveikslas bus i\u0161si\u0173stas, gausite siuntimo patvirtinim\u0105 ir sekimo informacij\u0105.<\/p>\n<p><button class=\"label collapsible-trigger collapsible-trigger-btn collapsible-trigger-btn--borders collapsible--auto-height is-open\" type=\"button\" aria-controls=\"Product-content-7d008943-f97b-4e40-8cad-41d3ee2c182e7889762877659\" aria-expanded=\"true\">INDIVIDUAL\u016aS U\u017dSAKYMAI<\/button><\/p>\n<div id=\"Product-content-7d008943-f97b-4e40-8cad-41d3ee2c182e7889762877659\" class=\"collapsible-content collapsible-content--all is-open\">\n<div class=\"collapsible-content__inner rte\">\n<p>Jei pageidaujate kitokio dyd\u017eio ar spalvos arba turite savo vizij\u0105! Pra\u0161ome eiti \u012f <a href=\"https:\/\/violetakom.art\/customart\/\" target=\"_blank\" rel=\"noopener\">Individual\u016bs U\u017esakymai<\/a> kur rasite daugiau informacijos, kaip prad\u0117ti \u0161\u012f proces\u0105.<\/p>\n<p><button class=\"label collapsible-trigger collapsible-trigger-btn collapsible-trigger-btn--borders collapsible--auto-height is-open\" type=\"button\" aria-controls=\"Product-content-3e6c395c-2b00-41d3-b45c-72de68b7e9de7889762877659\" aria-expanded=\"true\">GR\u0104\u017dINIMO TAISYKL\u0116S<\/button><\/p>\n<div id=\"Product-content-3e6c395c-2b00-41d3-b45c-72de68b7e9de7889762877659\" class=\"collapsible-content collapsible-content--all is-open\">\n<div class=\"collapsible-content__inner rte\">\n<p>Visi original\u016bs meno k\u016briniai parduodami galutinai. Ta\u010diau, jei turite koki\u0173 nors problem\u0173 d\u0117l u\u017esakymo, susisiekite su manimi <a href=\"mailto:info@violetakom.art\" target=\"_blank\" rel=\"noopener\">info@violetakom.art<\/a> per 2 darbo dienas nuo siuntos gavimo.<\/p>\n<p><button class=\"label collapsible-trigger collapsible-trigger-btn collapsible-trigger-btn--borders collapsible--auto-height is-open\" type=\"button\" aria-controls=\"Product-content-3e6c395c-2b00-41d3-b45c-72de68b7e9de7889762877659\" aria-expanded=\"true\">D\u0116MESIO<\/button><\/p>\n<div id=\"Product-content-3e6c395c-2b00-41d3-b45c-72de68b7e9de7889762877659\" class=\"collapsible-content collapsible-content--all is-open\">\n<div class=\"collapsible-content__inner rte\">\n<p>Visi paveikslai yra profesionaliai nufotografuoti. Ta\u010diau kiekviename monitoriuje spalvos rodomos skirtingai ir gali \u0161iek tiek skirtis nuo originalaus paveikslo.<\/p>\n<\/div>\n<\/div>\n<\/div>\n<\/div>\n<\/div>\n<\/div>\n<\/div>\n<\/div>\n<\/div>\n<\/div>","protected":false},"excerpt":{"rendered":"<p data-start=\"89\" data-end=\"142\">\u201eSaul\u0117s nubu\u010diuotas mi\u0161kas\"\u2014 140\u00d770\u00d73.5cm<\/p>\n<p data-start=\"144\" data-end=\"500\">\u0160iltas mi\u0161rios technikos paveikslas, sukurtas meninink\u0117s Violetos Kom. \u0160veln\u016bs \u017ealumos tonai, \u0161ilti auksiniai atspalviai, \u017eemi\u0161ki rudi niuansai ir saul\u0117je su\u0161vit\u0119s gintaras lengvai slysta per drob\u0119. K\u016brin\u012f papildo nat\u016bral\u016bs elementai \u2014 kankor\u0117\u017eiai, samanos, mediniai \u017eiedai, \u017eiev\u0117s gabal\u0117liai ir gintarai.<\/p>\n<p><span style=\"font-weight: 400;\">Visos detal\u0117s \u012fkomponuotos naudojant autor\u0117s sukurt\u0105 \u201cKlijam Ne\u201d technik\u0105, kuri leid\u017eia sukurti vientis\u0105, tvirt\u0105 3D meno k\u016brin\u012f..<\/span><\/p>\n<p>Paveiksl\u0105 galima pasukti ir pakabinti bet kuria kryptimi, taip suteikiant daugiau galim\u0173 variant\u0173.<\/p>\n<p>Autor\u0117s ranka pasira\u0161yti ir datuoti.<\/p>\n<p>Pridedami autenti\u0161kumo sertifikatai<span tabindex=\"0\" role=\"tooltip\"><span class=\"povykd\" tabindex=\"0\" role=\"button\" data-enable-toggle-animation=\"true\" data-extra-container-classes=\"ZLo7Eb\" data-hover-hide-delay=\"1000\" data-hover-open-delay=\"500\" data-send-open-event=\"true\" data-theme=\"0\" data-width=\"250\" data-ved=\"2ahUKEwjc6IHgp9H7AhWlVqQEHZ33BDIQmpgGegQIJBAD\"><span class=\"JPfdse\" data-bubble-link=\"\" data-segment-text=\"certificate of authenticity\">.<\/span><\/span><\/span><\/p>\n<p>&nbsp;<\/p>\n<p>&nbsp;<\/p>","protected":false},"featured_media":3532,"comment_status":"closed","ping_status":"closed","template":"","meta":{"site-sidebar-layout":"default","site-content-layout":"default","ast-site-content-layout":"default","site-content-style":"default","site-sidebar-style":"default","ast-global-header-display":"","ast-banner-title-visibility":"","ast-main-header-display":"","ast-hfb-above-header-display":"","ast-hfb-below-header-display":"","ast-hfb-mobile-header-display":"","site-post-title":"","ast-breadcrumbs-content":"","ast-featured-img":"","footer-sml-layout":"","theme-transparent-header-meta":"default","adv-header-id-meta":"","stick-header-meta":"","header-above-stick-meta":"","header-main-stick-meta":"","header-below-stick-meta":"","astra-migrate-meta-layouts":"set","ast-page-background-enabled":"default","ast-page-background-meta":{"desktop":{"background-color":"","background-image":"","background-repeat":"repeat","background-position":"center center","background-size":"auto","background-attachment":"scroll","background-type":"","background-media":"","overlay-type":"","overlay-color":"","overlay-opacity":"","overlay-gradient":""},"tablet":{"background-color":"","background-image":"","background-repeat":"repeat","background-position":"center center","background-size":"auto","background-attachment":"scroll","background-type":"","background-media":"","overlay-type":"","overlay-color":"","overlay-opacity":"","overlay-gradient":""},"mobile":{"background-color":"","background-image":"","background-repeat":"repeat","background-position":"center center","background-size":"auto","background-attachment":"scroll","background-type":"","background-media":"","overlay-type":"","overlay-color":"","overlay-opacity":"","overlay-gradient":""}},"ast-content-background-meta":{"desktop":{"background-color":"var(--ast-global-color-5)","background-image":"","background-repeat":"repeat","background-position":"center center","background-size":"auto","background-attachment":"scroll","background-type":"","background-media":"","overlay-type":"","overlay-color":"","overlay-opacity":"","overlay-gradient":""},"tablet":{"background-color":"var(--ast-global-color-5)","background-image":"","background-repeat":"repeat","background-position":"center center","background-size":"auto","background-attachment":"scroll","background-type":"","background-media":"","overlay-type":"","overlay-color":"","overlay-opacity":"","overlay-gradient":""},"mobile":{"background-color":"var(--ast-global-color-5)","background-image":"","background-repeat":"repeat","background-position":"center center","background-size":"auto","background-attachment":"scroll","background-type":"","background-media":"","overlay-type":"","overlay-color":"","overlay-opacity":"","overlay-gradient":""}}},"product_brand":[],"product_cat":[25],"product_tag":[242,247,238,226,230,241,245,243,151,231,234,250,233,227,136,248,237,235,232,41,249,246],"class_list":{"0":"post-3527","1":"product","2":"type-product","3":"status-publish","4":"has-post-thumbnail","6":"product_cat-forest","7":"product_tag-art-for-home","8":"product_tag-calming-decor","9":"product_tag-earthy-tones","10":"product_tag-forest-art","11":"product_tag-forest-home","12":"product_tag-forest-inspired","13":"product_tag-forest-path","14":"product_tag-green-brown-art","15":"product_tag-large-abstract-wall-art","16":"product_tag-mixed-media-art","17":"product_tag-moss-artwork","18":"product_tag-moss-wall-art","19":"product_tag-natural-look","20":"product_tag-nature-painting","21":"product_tag-nature-wall-art","22":"product_tag-neutral-art","23":"product_tag-organic-art","24":"product_tag-pinecone-art","25":"product_tag-textured-art","26":"product_tag-violetakomart","27":"product_tag-warm-earthy-art","28":"product_tag-woodland-decor","29":"desktop-align-center","30":"tablet-align-left","31":"mobile-align-left","33":"first","34":"instock","35":"sold-individually","36":"shipping-taxable","37":"purchasable","38":"product-type-simple"},"_links":{"self":[{"href":"https:\/\/shop.violetakom.art\/lt\/wp-json\/wp\/v2\/product\/3527","targetHints":{"allow":["GET"]}}],"collection":[{"href":"https:\/\/shop.violetakom.art\/lt\/wp-json\/wp\/v2\/product"}],"about":[{"href":"https:\/\/shop.violetakom.art\/lt\/wp-json\/wp\/v2\/types\/product"}],"replies":[{"embeddable":true,"href":"https:\/\/shop.violetakom.art\/lt\/wp-json\/wp\/v2\/comments?post=3527"}],"wp:featuredmedia":[{"embeddable":true,"href":"https:\/\/shop.violetakom.art\/lt\/wp-json\/wp\/v2\/media\/3532"}],"wp:attachment":[{"href":"https:\/\/shop.violetakom.art\/lt\/wp-json\/wp\/v2\/media?parent=3527"}],"wp:term":[{"taxonomy":"product_brand","embeddable":true,"href":"https:\/\/shop.violetakom.art\/lt\/wp-json\/wp\/v2\/product_brand?post=3527"},{"taxonomy":"product_cat","embeddable":true,"href":"https:\/\/shop.violetakom.art\/lt\/wp-json\/wp\/v2\/product_cat?post=3527"},{"taxonomy":"product_tag","embeddable":true,"href":"https:\/\/shop.violetakom.art\/lt\/wp-json\/wp\/v2\/product_tag?post=3527"}],"curies":[{"name":"wp","href":"https:\/\/api.w.org\/{rel}","templated":true}]}}