{"id":3499,"date":"2025-11-14T13:21:46","date_gmt":"2025-11-14T13:21:46","guid":{"rendered":"https:\/\/shop.violetakom.art\/?post_type=product&#038;p=3499"},"modified":"2025-12-07T15:41:00","modified_gmt":"2025-12-07T15:41:00","slug":"along-the-forest-paths-3","status":"publish","type":"product","link":"https:\/\/shop.violetakom.art\/lt\/produktas\/along-the-forest-paths-3\/","title":{"rendered":"\u201eMi\u0161ko takais III\u201c"},"content":{"rendered":"<div id=\"Product-content-5335e7fe-3d72-4666-878b-d86cd8fc00767889762877659\" class=\"collapsible-content collapsible-content--all is-open\">\n<div class=\"collapsible-content__inner rte\"><\/div>\n<p style=\"text-align: center\"><b>\u0160is paveikslas ne\u0161a t\u0105 gaiv\u0173, pakyl\u0117jant\u012f jausm\u0105, kur\u012f pajunti eidama tyliai mi\u0161ku, kai rytin\u0117 \u0161viesa jau palie\u010dia \u017eem\u0119. \u0160viesus fonas i\u0161laiko vis\u0105 kompozicij\u0105 lengv\u0105, leid\u017eia spalvoms ir tekst\u016broms tek\u0117ti lyg \u0161velniam judesiui palei mi\u0161ko tak\u0105.<\/b><\/p>\n<p style=\"text-align: center\"><strong>\u017demi\u0161ki \u017ealiai, \u0161ilti rudi ir \u0161veln\u016bs auksiniai tonai lengvai slysta per drob\u0119 nat\u016braliomis, plasti\u0161komis linijomis. Kankor\u0117\u017eiai, samanos, mediniai \u017eiedai ir smulkios \u0161akel\u0117s suteikia subtilios tekst\u016bros \u2013 lyg ma\u017ei mi\u0161ko radiniai, kuriuos pastebi tik tada, kai  sul\u0117tini \u017eingsn\u012f.<\/strong><\/p>\n<p style=\"text-align: center\"><strong>It has the calmness of clean forest air, the softness of moss underfoot, and that peaceful moment when nature feels close and gently hugging you..<\/strong><\/p>\n<p style=\"text-align: center\"><strong>\u201eMi\u0161ko takais III\u201c \u012f bet kuri\u0105 erdv\u0119 \u012fne\u0161 mi\u0161ko gaivos ir spalv\u0173 harmonijos.<\/strong><\/p>\n<p><img fetchpriority=\"high\" decoding=\"async\" class=\"alignnone size-medium wp-image-2419 aligncenter\" src=\"https:\/\/shop.violetakom.art\/wp-content\/uploads\/2022\/11\/Violeta-Kom_black_low-res-300x200.png\" alt=\"\" width=\"300\" height=\"200\" srcset=\"https:\/\/shop.violetakom.art\/wp-content\/uploads\/2022\/11\/Violeta-Kom_black_low-res-300x200.png 300w, https:\/\/shop.violetakom.art\/wp-content\/uploads\/2022\/11\/Violeta-Kom_black_low-res-600x400.png 600w, https:\/\/shop.violetakom.art\/wp-content\/uploads\/2022\/11\/Violeta-Kom_black_low-res-1024x683.png 1024w, https:\/\/shop.violetakom.art\/wp-content\/uploads\/2022\/11\/Violeta-Kom_black_low-res-768x512.png 768w, https:\/\/shop.violetakom.art\/wp-content\/uploads\/2022\/11\/Violeta-Kom_black_low-res.png 1500w\" sizes=\"(max-width: 300px) 100vw, 300px\" \/><\/p>\n<p>&nbsp;<\/p>\n<p>&nbsp;<\/p>\n<div class=\"collapsible-content__inner rte\">\n<p style=\"text-align: left\"><strong><button class=\"label collapsible-trigger collapsible-trigger-btn collapsible-trigger-btn--borders collapsible--auto-height is-open\" type=\"button\" aria-controls=\"Product-content-5335e7fe-3d72-4666-878b-d86cd8fc00767889762877659\" aria-expanded=\"true\">PRIEMON\u0116S<\/button><\/strong><\/p>\n<p style=\"text-align: left\">Akriliniai da\u017eai ant auk\u0161tos kokyb\u0117s drob\u0117s. Drob\u0117s gylis (\u0161ono storis) yra 3,5 cm. \u0160onai nutapyti, tod\u0117l paveikslas paruo\u0161tas kabinti, \u012fr\u0117minti neb\u016btina.<\/p>\n<p>\u0160is meno k\u016brinys padengtas plonu blizgaus UV lako sluoksniu. Pridedama kabinimo sistema, paveikslas paruo\u0161tas kabinti ant sienos.<\/p>\n<\/div>\n<div class=\"collapsible-content__inner rte\">\n<p><button class=\"label collapsible-trigger collapsible-trigger-btn collapsible-trigger-btn--borders collapsible--auto-height is-open\" type=\"button\" aria-controls=\"Product-content-tab7889762877659\" aria-expanded=\"true\">PRISTATYMAS<\/button><\/p>\n<div id=\"Product-content-tab7889762877659\" class=\"collapsible-content collapsible-content--all is-open\">\n<div class=\"collapsible-content__inner rte\">\n<p>\u0160is originalus paveikslas bus supakuotas ir i\u0161si\u0173stas jums per 3 darbo dienas. Kai paveikslas bus i\u0161si\u0173stas, gausite siuntimo patvirtinim\u0105 ir sekimo informacij\u0105.<\/p>\n<p><button class=\"label collapsible-trigger collapsible-trigger-btn collapsible-trigger-btn--borders collapsible--auto-height is-open\" type=\"button\" aria-controls=\"Product-content-7d008943-f97b-4e40-8cad-41d3ee2c182e7889762877659\" aria-expanded=\"true\">INDIVIDUAL\u016aS U\u017dSAKYMAI<\/button><\/p>\n<div id=\"Product-content-7d008943-f97b-4e40-8cad-41d3ee2c182e7889762877659\" class=\"collapsible-content collapsible-content--all is-open\">\n<div class=\"collapsible-content__inner rte\">\n<p>Jei pageidaujate kitokio dyd\u017eio ar spalvos arba turite savo vizij\u0105! Pra\u0161ome eiti \u012f <a href=\"https:\/\/violetakom.art\/customart\/\" target=\"_blank\" rel=\"noopener\">Individual\u016bs U\u017esakymai<\/a> kur rasite daugiau informacijos, kaip prad\u0117ti \u0161\u012f proces\u0105.<\/p>\n<p><button class=\"label collapsible-trigger collapsible-trigger-btn collapsible-trigger-btn--borders collapsible--auto-height is-open\" type=\"button\" aria-controls=\"Product-content-3e6c395c-2b00-41d3-b45c-72de68b7e9de7889762877659\" aria-expanded=\"true\">GR\u0104\u017dINIMO TAISYKL\u0116S<\/button><\/p>\n<div id=\"Product-content-3e6c395c-2b00-41d3-b45c-72de68b7e9de7889762877659\" class=\"collapsible-content collapsible-content--all is-open\">\n<div class=\"collapsible-content__inner rte\">\n<p>Visi original\u016bs meno k\u016briniai parduodami galutinai. Ta\u010diau, jei turite koki\u0173 nors problem\u0173 d\u0117l u\u017esakymo, susisiekite su manimi <a href=\"mailto:info@violetakom.art\" target=\"_blank\" rel=\"noopener\">info@violetakom.art<\/a> per 2 darbo dienas nuo siuntos gavimo.<\/p>\n<p><button class=\"label collapsible-trigger collapsible-trigger-btn collapsible-trigger-btn--borders collapsible--auto-height is-open\" type=\"button\" aria-controls=\"Product-content-3e6c395c-2b00-41d3-b45c-72de68b7e9de7889762877659\" aria-expanded=\"true\">D\u0116MESIO<\/button><\/p>\n<div id=\"Product-content-3e6c395c-2b00-41d3-b45c-72de68b7e9de7889762877659\" class=\"collapsible-content collapsible-content--all is-open\">\n<div class=\"collapsible-content__inner rte\">\n<p>Visi paveikslai yra profesionaliai nufotografuoti. Ta\u010diau kiekviename monitoriuje spalvos rodomos skirtingai ir gali \u0161iek tiek skirtis nuo originalaus paveikslo.<\/p>\n<\/div>\n<\/div>\n<\/div>\n<\/div>\n<\/div>\n<\/div>\n<\/div>\n<\/div>\n<\/div>\n<\/div>","protected":false},"excerpt":{"rendered":"<p data-start=\"92\" data-end=\"154\">\u201eMi\u0161ko takais III\"\u2014 100\u00d750\u00d73.5cm<\/p>\n<p data-start=\"156\" data-end=\"469\">Mi\u0161ko \u012fkv\u0117ptas mi\u0161rios technikos paveikslas, sukurtas meninink\u0117s Violetos Kom. Akrilo liejimai susilieja su nat\u016braliais elementais \u2013 kankor\u0117\u017eiais, samanomis, mediniais \u017eiedais ir smulkiomis \u0161akel\u0117mis. \u0160viesus fonas pripildo k\u016brin\u012f ramyb\u0117s ir tylos, tarsi \u017eengtum gaiviais mi\u0161ko takais.<\/p>\n<p><span style=\"font-weight: 400\">Visos detal\u0117s \u012fkomponuotos naudojant autor\u0117s sukurt\u0105 \u201cKlijam Ne\u201d technik\u0105, kuri leid\u017eia sukurti vientis\u0105, tvirt\u0105 3D meno k\u016brin\u012f..<\/span><\/p>\n<p>Paveiksl\u0105 galima pasukti ir pakabinti bet kuria kryptimi, taip suteikiant daugiau galim\u0173 variant\u0173.<\/p>\n<p>Autor\u0117s ranka pasira\u0161yti ir datuoti.<\/p>\n<p>Pridedami autenti\u0161kumo sertifikatai<span role=\"tooltip\"><span class=\"povykd\" role=\"button\" data-enable-toggle-animation=\"true\" data-extra-container-classes=\"ZLo7Eb\" data-hover-hide-delay=\"1000\" data-hover-open-delay=\"500\" data-send-open-event=\"true\" data-theme=\"0\" data-width=\"250\" data-ved=\"2ahUKEwjc6IHgp9H7AhWlVqQEHZ33BDIQmpgGegQIJBAD\"><span class=\"JPfdse\" data-bubble-link=\"\" data-segment-text=\"certificate of authenticity\">.<\/span><\/span><\/span><\/p>\n<p>&nbsp;<\/p>\n<p>&nbsp;<\/p>","protected":false},"featured_media":3503,"comment_status":"closed","ping_status":"closed","template":"","meta":{"site-sidebar-layout":"default","site-content-layout":"default","ast-site-content-layout":"default","site-content-style":"default","site-sidebar-style":"default","ast-global-header-display":"","ast-banner-title-visibility":"","ast-main-header-display":"","ast-hfb-above-header-display":"","ast-hfb-below-header-display":"","ast-hfb-mobile-header-display":"","site-post-title":"","ast-breadcrumbs-content":"","ast-featured-img":"","footer-sml-layout":"","theme-transparent-header-meta":"default","adv-header-id-meta":"","stick-header-meta":"","header-above-stick-meta":"","header-main-stick-meta":"","header-below-stick-meta":"","astra-migrate-meta-layouts":"set","ast-page-background-enabled":"default","ast-page-background-meta":{"desktop":{"background-color":"","background-image":"","background-repeat":"repeat","background-position":"center center","background-size":"auto","background-attachment":"scroll","background-type":"","background-media":"","overlay-type":"","overlay-color":"","overlay-opacity":"","overlay-gradient":""},"tablet":{"background-color":"","background-image":"","background-repeat":"repeat","background-position":"center center","background-size":"auto","background-attachment":"scroll","background-type":"","background-media":"","overlay-type":"","overlay-color":"","overlay-opacity":"","overlay-gradient":""},"mobile":{"background-color":"","background-image":"","background-repeat":"repeat","background-position":"center center","background-size":"auto","background-attachment":"scroll","background-type":"","background-media":"","overlay-type":"","overlay-color":"","overlay-opacity":"","overlay-gradient":""}},"ast-content-background-meta":{"desktop":{"background-color":"var(--ast-global-color-5)","background-image":"","background-repeat":"repeat","background-position":"center center","background-size":"auto","background-attachment":"scroll","background-type":"","background-media":"","overlay-type":"","overlay-color":"","overlay-opacity":"","overlay-gradient":""},"tablet":{"background-color":"var(--ast-global-color-5)","background-image":"","background-repeat":"repeat","background-position":"center center","background-size":"auto","background-attachment":"scroll","background-type":"","background-media":"","overlay-type":"","overlay-color":"","overlay-opacity":"","overlay-gradient":""},"mobile":{"background-color":"var(--ast-global-color-5)","background-image":"","background-repeat":"repeat","background-position":"center center","background-size":"auto","background-attachment":"scroll","background-type":"","background-media":"","overlay-type":"","overlay-color":"","overlay-opacity":"","overlay-gradient":""}}},"product_brand":[],"product_cat":[25],"product_tag":[242,247,238,226,230,241,245,243,151,231,234,233,227,136,248,237,235,232,41,249,246],"class_list":{"0":"post-3499","1":"product","2":"type-product","3":"status-publish","4":"has-post-thumbnail","6":"product_cat-forest","7":"product_tag-art-for-home","8":"product_tag-calming-decor","9":"product_tag-earthy-tones","10":"product_tag-forest-art","11":"product_tag-forest-home","12":"product_tag-forest-inspired","13":"product_tag-forest-path","14":"product_tag-green-brown-art","15":"product_tag-large-abstract-wall-art","16":"product_tag-mixed-media-art","17":"product_tag-moss-artwork","18":"product_tag-natural-look","19":"product_tag-nature-painting","20":"product_tag-nature-wall-art","21":"product_tag-neutral-art","22":"product_tag-organic-art","23":"product_tag-pinecone-art","24":"product_tag-textured-art","25":"product_tag-violetakomart","26":"product_tag-warm-earthy-art","27":"product_tag-woodland-decor","28":"desktop-align-center","29":"tablet-align-left","30":"mobile-align-left","32":"first","33":"outofstock","34":"sold-individually","35":"shipping-taxable","36":"purchasable","37":"product-type-simple"},"_links":{"self":[{"href":"https:\/\/shop.violetakom.art\/lt\/wp-json\/wp\/v2\/product\/3499","targetHints":{"allow":["GET"]}}],"collection":[{"href":"https:\/\/shop.violetakom.art\/lt\/wp-json\/wp\/v2\/product"}],"about":[{"href":"https:\/\/shop.violetakom.art\/lt\/wp-json\/wp\/v2\/types\/product"}],"replies":[{"embeddable":true,"href":"https:\/\/shop.violetakom.art\/lt\/wp-json\/wp\/v2\/comments?post=3499"}],"wp:featuredmedia":[{"embeddable":true,"href":"https:\/\/shop.violetakom.art\/lt\/wp-json\/wp\/v2\/media\/3503"}],"wp:attachment":[{"href":"https:\/\/shop.violetakom.art\/lt\/wp-json\/wp\/v2\/media?parent=3499"}],"wp:term":[{"taxonomy":"product_brand","embeddable":true,"href":"https:\/\/shop.violetakom.art\/lt\/wp-json\/wp\/v2\/product_brand?post=3499"},{"taxonomy":"product_cat","embeddable":true,"href":"https:\/\/shop.violetakom.art\/lt\/wp-json\/wp\/v2\/product_cat?post=3499"},{"taxonomy":"product_tag","embeddable":true,"href":"https:\/\/shop.violetakom.art\/lt\/wp-json\/wp\/v2\/product_tag?post=3499"}],"curies":[{"name":"wp","href":"https:\/\/api.w.org\/{rel}","templated":true}]}}