{"id":3474,"date":"2025-11-14T12:27:53","date_gmt":"2025-11-14T12:27:53","guid":{"rendered":"https:\/\/shop.violetakom.art\/?post_type=product&#038;p=3474"},"modified":"2025-11-14T12:55:13","modified_gmt":"2025-11-14T12:55:13","slug":"in-the-forest-flow","status":"publish","type":"product","link":"https:\/\/shop.violetakom.art\/lt\/produktas\/in-the-forest-flow\/","title":{"rendered":"Mi\u0161ko t\u0117km\u0117je"},"content":{"rendered":"<div id=\"Product-content-5335e7fe-3d72-4666-878b-d86cd8fc00767889762877659\" class=\"collapsible-content collapsible-content--all is-open\">\n<p style=\"text-align: center;\" data-start=\"0\" data-end=\"392\"><strong>\u201eTarsi tylus pulsas, kylantis i\u0161 pa\u010dios mi\u0161ko \u0161irdies, \u0161is paveikslas juda nat\u016braliu, lengvu ritmu. Spalvos tirpsta viena \u012f kit\u0105 taip, kaip samanos, \u017eiev\u0117 ir gili mi\u0161ko \u017eem\u0117 kuria savo pa\u010di\u0173 tyl\u0173 pasaul\u012f \u2014 \u0161veln\u016bs per\u0117jimai, \u0161akojimosi ra\u0161tai ir organi\u0161ka t\u0117km\u0117 atkartoja ram\u0173 judes\u012f po med\u017eiais. Turtingi, \u017eemi\u0161ki tonai suteikia k\u016briniui \u0161ilt\u0105 pilnum\u0105, lyg jis b\u016bt\u0173 prisig\u0117r\u0119s mi\u0161ko dr\u0117gm\u0117s ir auksin\u0117s \u0161viesos.<\/strong><\/p>\n<p style=\"text-align: center;\" data-start=\"394\" data-end=\"628\"><strong>Kankor\u0117\u017eiai, samanos ir mediniai \u017eiedai nat\u016braliai \u012fsipina \u012f spalv\u0173 jud\u0117jim\u0105, primindami ma\u017e\u0105 mi\u0161ko kampel\u012f, sustabdyt\u0105 akimirkoje. \u0160ios detal\u0117s \u012fne\u0161a \u0161ilumos, organi\u0161kos tekst\u016bros ir lengvo gyvybingumo \u2014 tarsi \u0161viesa trumpam nusileist\u0173 ant \u017eem\u0117s ir tuoj pat i\u0161nykt\u0173.<\/strong><\/p>\n<p style=\"text-align: center;\" data-start=\"630\" data-end=\"815\" data-is-last-node=\"\" data-is-only-node=\"\"><strong>Kiekviena detal\u0117 kalba apie \u017ealumoje paskendusius takus, v\u0117s\u0173 rytme\u010dio or\u0105 ir t\u0105 gili\u0105, sodri\u0105 ramyb\u0119, kuri apgaubia, kai mi\u0161kas tarsi apkabina tave. \u017demi\u0161ka spalv\u0173 palet\u0117 pripildo erdv\u0119 \u0161ilumos ir stabilumo, ne\u0161dama jausm\u0105 ka\u017eko tikro, \u012fsi\u0161aknijusio ir gyvo.<\/strong><\/p>\n<p style=\"text-align: center;\" data-start=\"630\" data-end=\"815\" data-is-last-node=\"\" data-is-only-node=\"\"><strong>\u201eMi\u0161ko t\u0117km\u0117je\u201c yra daugiau nei paveikslas \u2014<\/strong><br data-start=\"1324\" data-end=\"1327\" \/><strong>tai  akimirka, kai sustoja laikas. <\/strong><strong>Tylios ramyb\u0117s \u012fkv\u0117pimas.<\/strong><br data-start=\"1376\" data-end=\"1379\" \/><strong>Kvietimas sugr\u012f\u017eti \u012f \u0161veln\u0173 mi\u0161ko ritm\u0105 ir t\u0105 \u012fsi\u017eeminan\u010di\u0105 ramyb\u0119, kuri slypi jo gelm\u0117se.\u201c<\/strong><\/p>\n<p style=\"text-align: center;\"><img fetchpriority=\"high\" decoding=\"async\" class=\"alignnone size-medium wp-image-2419 aligncenter\" style=\"font-style: inherit; font-weight: inherit;\" src=\"https:\/\/shop.violetakom.art\/wp-content\/uploads\/2022\/11\/Violeta-Kom_black_low-res-300x200.png\" alt=\"\" width=\"300\" height=\"200\" srcset=\"https:\/\/shop.violetakom.art\/wp-content\/uploads\/2022\/11\/Violeta-Kom_black_low-res-300x200.png 300w, https:\/\/shop.violetakom.art\/wp-content\/uploads\/2022\/11\/Violeta-Kom_black_low-res-600x400.png 600w, https:\/\/shop.violetakom.art\/wp-content\/uploads\/2022\/11\/Violeta-Kom_black_low-res-1024x683.png 1024w, https:\/\/shop.violetakom.art\/wp-content\/uploads\/2022\/11\/Violeta-Kom_black_low-res-768x512.png 768w, https:\/\/shop.violetakom.art\/wp-content\/uploads\/2022\/11\/Violeta-Kom_black_low-res.png 1500w\" sizes=\"(max-width: 300px) 100vw, 300px\" \/><\/p>\n<p>&nbsp;<\/p>\n<p>&nbsp;<\/p>\n<div class=\"collapsible-content__inner rte\">\n<p style=\"text-align: left;\"><strong><button class=\"label collapsible-trigger collapsible-trigger-btn collapsible-trigger-btn--borders collapsible--auto-height is-open\" type=\"button\" aria-controls=\"Product-content-5335e7fe-3d72-4666-878b-d86cd8fc00767889762877659\" aria-expanded=\"true\">PRIEMON\u0116S<\/button><\/strong><\/p>\n<p style=\"text-align: left;\">Akriliniai da\u017eai ant auk\u0161tos kokyb\u0117s drob\u0117s. Drob\u0117s gylis (\u0161ono storis) yra 3,8 cm. \u0160onai nutapyti, tod\u0117l paveikslas paruo\u0161tas kabinti, \u012fr\u0117minti neb\u016btina.<\/p>\n<p>\u0160is meno k\u016brinys padengtas plonu blizgaus UV lako sluoksniu. Pridedama kabinimo sistema, paveikslas paruo\u0161tas kabinti ant sienos.<\/p>\n<\/div>\n<div class=\"collapsible-content__inner rte\">\n<p><button class=\"label collapsible-trigger collapsible-trigger-btn collapsible-trigger-btn--borders collapsible--auto-height is-open\" type=\"button\" aria-controls=\"Product-content-tab7889762877659\" aria-expanded=\"true\">PRISTATYMAS<\/button><\/p>\n<div id=\"Product-content-tab7889762877659\" class=\"collapsible-content collapsible-content--all is-open\">\n<div class=\"collapsible-content__inner rte\">\n<p>\u0160is originalus paveikslas bus supakuotas ir i\u0161si\u0173stas jums per 3 darbo dienas. Kai paveikslas bus i\u0161si\u0173stas, gausite siuntimo patvirtinim\u0105 ir sekimo informacij\u0105.<\/p>\n<p><button class=\"label collapsible-trigger collapsible-trigger-btn collapsible-trigger-btn--borders collapsible--auto-height is-open\" type=\"button\" aria-controls=\"Product-content-7d008943-f97b-4e40-8cad-41d3ee2c182e7889762877659\" aria-expanded=\"true\">INDIVIDUAL\u016aS U\u017dSAKYMAI<\/button><\/p>\n<div id=\"Product-content-7d008943-f97b-4e40-8cad-41d3ee2c182e7889762877659\" class=\"collapsible-content collapsible-content--all is-open\">\n<div class=\"collapsible-content__inner rte\">\n<p>Jei pageidaujate kitokio dyd\u017eio ar spalvos arba turite savo vizij\u0105! Pra\u0161ome eiti \u012f <a href=\"https:\/\/violetakom.art\/customart\/\" target=\"_blank\" rel=\"noopener\">Individual\u016bs U\u017esakymai<\/a> kur rasite daugiau informacijos, kaip prad\u0117ti \u0161\u012f proces\u0105.<\/p>\n<p><button class=\"label collapsible-trigger collapsible-trigger-btn collapsible-trigger-btn--borders collapsible--auto-height is-open\" type=\"button\" aria-controls=\"Product-content-3e6c395c-2b00-41d3-b45c-72de68b7e9de7889762877659\" aria-expanded=\"true\">GR\u0104\u017dINIMO TAISYKL\u0116S<\/button><\/p>\n<div id=\"Product-content-3e6c395c-2b00-41d3-b45c-72de68b7e9de7889762877659\" class=\"collapsible-content collapsible-content--all is-open\">\n<div class=\"collapsible-content__inner rte\">\n<p>Visi original\u016bs meno k\u016briniai parduodami galutinai. Ta\u010diau, jei turite koki\u0173 nors problem\u0173 d\u0117l u\u017esakymo, susisiekite su manimi <a href=\"mailto:info@violetakom.art\" target=\"_blank\" rel=\"noopener\">info@violetakom.art<\/a> per 2 darbo dienas nuo siuntos gavimo.<\/p>\n<p><button class=\"label collapsible-trigger collapsible-trigger-btn collapsible-trigger-btn--borders collapsible--auto-height is-open\" type=\"button\" aria-controls=\"Product-content-3e6c395c-2b00-41d3-b45c-72de68b7e9de7889762877659\" aria-expanded=\"true\">D\u0116MESIO<\/button><\/p>\n<div id=\"Product-content-3e6c395c-2b00-41d3-b45c-72de68b7e9de7889762877659\" class=\"collapsible-content collapsible-content--all is-open\">\n<div class=\"collapsible-content__inner rte\">\n<p>Visi paveikslai yra profesionaliai nufotografuoti. Ta\u010diau kiekviename monitoriuje spalvos rodomos skirtingai ir gali \u0161iek tiek skirtis nuo originalaus paveikslo.<\/p>\n<\/div>\n<\/div>\n<\/div>\n<\/div>\n<\/div>\n<\/div>\n<\/div>\n<\/div>\n<\/div>\n<\/div>","protected":false},"excerpt":{"rendered":"<p data-start=\"168\" data-end=\"223\">\u201eMi\u0161ko t\u0117km\u0117je\"\u2014 120\u00d780\u00d73.8 cm<\/p>\n<p data-start=\"225\" data-end=\"512\" data-is-last-node=\"\" data-is-only-node=\"\">Ramiai Gilus mi\u0161rios technikos paveikslas ant drob\u0117s, sukurtas meninink\u0117s Violetos Kom.<br data-start=\"291\" data-end=\"294\" \/>Sukurtas naudojant liejimo akrilo technikas ir praturtintas nat\u016braliais elementais \u2014 kankor\u0117\u017eiais, samanomis, mediniais \u017eiedais ir organi\u0161komis tekst\u016bromis.<br data-start=\"424\" data-end=\"427\" \/>\u017demi\u0161ki tonai ir \u0161velniai tekantis judesys suteikia bet kuriai erdvei \u0161ilt\u0105, raminan\u010di\u0105 ir \u012fsi\u017eeminusi\u0105 atmosfer\u0105.<\/p>\n<p>Visos detal\u0117s \u012fkomponuotos naudojant autor\u0117s sukurt\u0105 \u201cKlijam Ne\u201d technik\u0105, kuri leid\u017eia sukurti vientis\u0105, tvirt\u0105 3D meno k\u016brin\u012f..<\/p>\n<p>Paveiksl\u0105 galima pasukti ir pakabinti bet kuria kryptimi, taip suteikiant daugiau galim\u0173 variant\u0173.<\/p>\n<p>Autor\u0117s ranka pasira\u0161yti ir datuoti.<\/p>\n<p>Pridedamas Autenti\u0161kumo Sertifikatas.<\/p>\n<p>&nbsp;<\/p>\n<p>&nbsp;<\/p>\n<p>&nbsp;<\/p>","protected":false},"featured_media":3475,"comment_status":"closed","ping_status":"closed","template":"","meta":{"site-sidebar-layout":"default","site-content-layout":"default","ast-site-content-layout":"default","site-content-style":"default","site-sidebar-style":"default","ast-global-header-display":"","ast-banner-title-visibility":"","ast-main-header-display":"","ast-hfb-above-header-display":"","ast-hfb-below-header-display":"","ast-hfb-mobile-header-display":"","site-post-title":"","ast-breadcrumbs-content":"","ast-featured-img":"","footer-sml-layout":"","theme-transparent-header-meta":"default","adv-header-id-meta":"","stick-header-meta":"","header-above-stick-meta":"","header-main-stick-meta":"","header-below-stick-meta":"","astra-migrate-meta-layouts":"set","ast-page-background-enabled":"default","ast-page-background-meta":{"desktop":{"background-color":"","background-image":"","background-repeat":"repeat","background-position":"center center","background-size":"auto","background-attachment":"scroll","background-type":"","background-media":"","overlay-type":"","overlay-color":"","overlay-opacity":"","overlay-gradient":""},"tablet":{"background-color":"","background-image":"","background-repeat":"repeat","background-position":"center center","background-size":"auto","background-attachment":"scroll","background-type":"","background-media":"","overlay-type":"","overlay-color":"","overlay-opacity":"","overlay-gradient":""},"mobile":{"background-color":"","background-image":"","background-repeat":"repeat","background-position":"center center","background-size":"auto","background-attachment":"scroll","background-type":"","background-media":"","overlay-type":"","overlay-color":"","overlay-opacity":"","overlay-gradient":""}},"ast-content-background-meta":{"desktop":{"background-color":"var(--ast-global-color-5)","background-image":"","background-repeat":"repeat","background-position":"center center","background-size":"auto","background-attachment":"scroll","background-type":"","background-media":"","overlay-type":"","overlay-color":"","overlay-opacity":"","overlay-gradient":""},"tablet":{"background-color":"var(--ast-global-color-5)","background-image":"","background-repeat":"repeat","background-position":"center center","background-size":"auto","background-attachment":"scroll","background-type":"","background-media":"","overlay-type":"","overlay-color":"","overlay-opacity":"","overlay-gradient":""},"mobile":{"background-color":"var(--ast-global-color-5)","background-image":"","background-repeat":"repeat","background-position":"center center","background-size":"auto","background-attachment":"scroll","background-type":"","background-media":"","overlay-type":"","overlay-color":"","overlay-opacity":"","overlay-gradient":""}}},"product_brand":[],"product_cat":[25],"product_tag":[242,244,229,238,226,230,241,236,243,231,234,233,227,237,235,239,232,41,240,228],"class_list":{"0":"post-3474","1":"product","2":"type-product","3":"status-publish","4":"has-post-thumbnail","6":"product_cat-forest","7":"product_tag-art-for-home","8":"product_tag-calming-art","9":"product_tag-earthy-decor","10":"product_tag-earthy-tones","11":"product_tag-forest-art","12":"product_tag-forest-home","13":"product_tag-forest-inspired","14":"product_tag-forest-vibes","15":"product_tag-green-brown-art","16":"product_tag-mixed-media-art","17":"product_tag-moss-artwork","18":"product_tag-natural-look","19":"product_tag-nature-painting","20":"product_tag-organic-art","21":"product_tag-pinecone-art","22":"product_tag-rustic-modern","23":"product_tag-textured-art","24":"product_tag-violetakomart","25":"product_tag-wall-art-decor","26":"product_tag-woodland-art","27":"desktop-align-center","28":"tablet-align-left","29":"mobile-align-left","31":"first","32":"instock","33":"sold-individually","34":"shipping-taxable","35":"purchasable","36":"product-type-simple"},"_links":{"self":[{"href":"https:\/\/shop.violetakom.art\/lt\/wp-json\/wp\/v2\/product\/3474","targetHints":{"allow":["GET"]}}],"collection":[{"href":"https:\/\/shop.violetakom.art\/lt\/wp-json\/wp\/v2\/product"}],"about":[{"href":"https:\/\/shop.violetakom.art\/lt\/wp-json\/wp\/v2\/types\/product"}],"replies":[{"embeddable":true,"href":"https:\/\/shop.violetakom.art\/lt\/wp-json\/wp\/v2\/comments?post=3474"}],"wp:featuredmedia":[{"embeddable":true,"href":"https:\/\/shop.violetakom.art\/lt\/wp-json\/wp\/v2\/media\/3475"}],"wp:attachment":[{"href":"https:\/\/shop.violetakom.art\/lt\/wp-json\/wp\/v2\/media?parent=3474"}],"wp:term":[{"taxonomy":"product_brand","embeddable":true,"href":"https:\/\/shop.violetakom.art\/lt\/wp-json\/wp\/v2\/product_brand?post=3474"},{"taxonomy":"product_cat","embeddable":true,"href":"https:\/\/shop.violetakom.art\/lt\/wp-json\/wp\/v2\/product_cat?post=3474"},{"taxonomy":"product_tag","embeddable":true,"href":"https:\/\/shop.violetakom.art\/lt\/wp-json\/wp\/v2\/product_tag?post=3474"}],"curies":[{"name":"wp","href":"https:\/\/api.w.org\/{rel}","templated":true}]}}