{"id":3405,"date":"2025-10-29T18:46:09","date_gmt":"2025-10-29T18:46:09","guid":{"rendered":"https:\/\/shop.violetakom.art\/?post_type=product&#038;p=3405"},"modified":"2025-11-05T13:26:54","modified_gmt":"2025-11-05T13:26:54","slug":"gift-voucher","status":"publish","type":"product","link":"https:\/\/shop.violetakom.art\/lt\/produktas\/gift-voucher\/","title":{"rendered":"Dovan\u0173 kuponas"},"content":{"rendered":"<div id=\"Product-content-5335e7fe-3d72-4666-878b-d86cd8fc00767889762877659\" class=\"collapsible-content collapsible-content--all is-open\">\n<p style=\"text-align: center;\"><strong>Meno dovan\u0173 kuponas \u2013 prasminga dovana i\u0161 \u0161irdies.<\/strong><\/p>\n<p style=\"text-align: center;\"><strong>\u0160is dovan\u0173 kuponas \u2013 tai daugiau nei dovana. Tai kvietimas \u012f gamtos \u012fkv\u0117pto meno pasaul\u012f, kuriame kiekvienas k\u016brinys gimsta l\u0117tai, s\u0105moningai ir su siela. Jis leid\u017eia gav\u0117jui pa\u010diam i\u0161sirinkti jam artimiausi\u0105 paveiksl\u0105 ar rank\u0173 darbo k\u016brin\u012f \u2013 savo laiku ir savo b\u016bdu.<\/strong><br \/>\n<strong>Kuponas gali b\u016bti panaudotas bet kuriam meno k\u016briniui, meniniai dovanai, individualiam u\u017esakymui ar b\u016bsimai kolekcijai mano galerijoje. Tai \u0161velni ir apgalvota dovana tam, kas vertina gro\u017e\u012f, ramyb\u0119 ir prasmingus daiktus, turin\u010dius emocin\u012f gilum\u0105.<\/strong><\/p>\n<p style=\"text-align: center;\"><strong>I\u0161rai\u0161kingai atspausdintas ir pateiktas su eleganti\u0161ku vokeliu \u2014 paruo\u0161tas dovanoti gimtadienio, vestuvi\u0173, \u012fkurtuvi\u0173, Kal\u0117d\u0173 proga ar tiesiog kaip tylus meil\u0117s ir d\u0117kingumo gestas.<\/strong><\/p>\n<p style=\"text-align: center;\"><strong>Galioja 6 m\u0117nesius nuo i\u0161davimo datos.<\/strong><\/p>\n<p style=\"text-align: center;\"><strong>Laikui nepavaldi dovana \u2014 kupina laisv\u0117s, nuo\u0161irdumo ir tyliai alsuojan\u010dios gamtos poezijos.<\/strong><\/p>\n<p><img fetchpriority=\"high\" decoding=\"async\" class=\"alignnone size-medium wp-image-2419 aligncenter\" src=\"https:\/\/shop.violetakom.art\/wp-content\/uploads\/2022\/11\/Violeta-Kom_black_low-res-300x200.png\" alt=\"\" width=\"300\" height=\"200\" srcset=\"https:\/\/shop.violetakom.art\/wp-content\/uploads\/2022\/11\/Violeta-Kom_black_low-res-300x200.png 300w, https:\/\/shop.violetakom.art\/wp-content\/uploads\/2022\/11\/Violeta-Kom_black_low-res-600x400.png 600w, https:\/\/shop.violetakom.art\/wp-content\/uploads\/2022\/11\/Violeta-Kom_black_low-res-1024x683.png 1024w, https:\/\/shop.violetakom.art\/wp-content\/uploads\/2022\/11\/Violeta-Kom_black_low-res-768x512.png 768w, https:\/\/shop.violetakom.art\/wp-content\/uploads\/2022\/11\/Violeta-Kom_black_low-res.png 1500w\" sizes=\"(max-width: 300px) 100vw, 300px\" \/><\/p>\n<p>&nbsp;<\/p>\n<div class=\"collapsible-content__inner rte\">\n<p style=\"text-align: left;\"><strong><button class=\"label collapsible-trigger collapsible-trigger-btn collapsible-trigger-btn--borders collapsible--auto-height is-open\" type=\"button\" aria-controls=\"Product-content-5335e7fe-3d72-4666-878b-d86cd8fc00767889762877659\" aria-expanded=\"true\">PATEIKIMAS IR FORMATAS<\/button><\/strong><\/p>\n<p style=\"text-align: left;\">Tai fizinis arba skaitmeninis dovan\u0173 kuponas, sukurtas \u0161velni\u0173, nat\u016brali\u0173 ton\u0173 dizainu, atspindin\u010diu rami\u0105 ir \u017eemi\u0161k\u0105 Violeta Kom Art estetik\u0105. Kiekvienas atspausdintas kuponas pateikiamas su eleganti\u0161ku vokeliu, sukurtu su tuo pa\u010diu d\u0117mesiu detal\u0117ms ir tyliu prabangos poj\u016b\u010diu kaip ir mano meno k\u016briniai.<\/p>\n<\/div>\n<div class=\"collapsible-content__inner rte\">\n<p><button class=\"label collapsible-trigger collapsible-trigger-btn collapsible-trigger-btn--borders collapsible--auto-height is-open\" type=\"button\" aria-controls=\"Product-content-tab7889762877659\" aria-expanded=\"true\">PRISTATYMAS<\/button><\/p>\n<div id=\"Product-content-tab7889762877659\" class=\"collapsible-content collapsible-content--all is-open\">\n<div class=\"collapsible-content__inner rte\">\n<p>J\u016bs\u0173 dovan\u0173 kuponas bus paruo\u0161tas ir i\u0161si\u0173stas per 3 darbo dienas. Kai tik u\u017esakymas bus i\u0161si\u0173stas, gausite patvirtinimo el. lai\u0161k\u0105 ir siuntos sekimo numer\u012f.<br \/>\nIf your order is urgent, please send me a message \u2014 I will gladly prepare it immediately so your gift arrives on time.<\/p>\n<p><button class=\"label collapsible-trigger collapsible-trigger-btn collapsible-trigger-btn--borders collapsible--auto-height is-open\" type=\"button\" aria-controls=\"Product-content-7d008943-f97b-4e40-8cad-41d3ee2c182e7889762877659\" aria-expanded=\"true\">INDIVIDUAL\u016aS U\u017dSAKYMAI<\/button><\/p>\n<div id=\"Product-content-7d008943-f97b-4e40-8cad-41d3ee2c182e7889762877659\" class=\"collapsible-content collapsible-content--all is-open\">\n<div class=\"collapsible-content__inner rte\">\n<p>Jei nor\u0117tum\u0117te individualios kupono sumos, dr\u0105siai susisiekite su manimi \u2014 mielai paruo\u0161iu j\u012f specialiai jums.<\/p>\n<p><button class=\"label collapsible-trigger collapsible-trigger-btn collapsible-trigger-btn--borders collapsible--auto-height is-open\" type=\"button\" aria-controls=\"Product-content-3e6c395c-2b00-41d3-b45c-72de68b7e9de7889762877659\" aria-expanded=\"true\">GR\u0104\u017dINIMO TAISYKL\u0116S<\/button><\/p>\n<div id=\"Product-content-3e6c395c-2b00-41d3-b45c-72de68b7e9de7889762877659\" class=\"collapsible-content collapsible-content--all is-open\">\n<div class=\"collapsible-content__inner rte\">\n<p>Visi dovan\u0173 kuponai yra galutinio pardavimo, nes kiekvienas i\u0161duodamas individualiai ir, \u012fsigijus, negr\u0105\u017einamas. Ta\u010diau, jei kilt\u0173 koki\u0173 nors problem\u0173 su u\u017esakymu, susisiekite su manimi el. pa\u0161tu <a href=\"mailto:info@violetakom.art\" target=\"_blank\" rel=\"noopener\">info@violetakom.art<\/a> per 2 darbo dienas nuo siuntos gavimo.<\/p>\n<div id=\"Product-content-3e6c395c-2b00-41d3-b45c-72de68b7e9de7889762877659\" class=\"collapsible-content collapsible-content--all is-open\">\n<div class=\"collapsible-content__inner rte\">\n<p>&nbsp;<\/p>\n<\/div>\n<\/div>\n<\/div>\n<\/div>\n<\/div>\n<\/div>\n<\/div>\n<\/div>\n<\/div>\n<\/div>","protected":false},"excerpt":{"rendered":"<p>DOVAN\u0172 KUPONAS \u2014 PRASMINGA MENO DOVANA<\/p>\n<p>I\u0161skirtinio dizaino meninis kuponas, \u012fkv\u0117ptas nat\u016brali\u0173 sm\u0117lio, mi\u0161ko ir j\u016bros ramyb\u0117s ton\u0173.<br \/>\nGali b\u016bti panaudotas bet kuriam originaliam paveikslui, meno dovanai ar individualiam k\u016briniui i\u0161 Violeta Kom Art kolekcijos.<br \/>\nNuo\u0161irdi dovana tiems, kurie vertina gro\u017e\u012f, jausm\u0105 ir gamt\u0105.<\/p>\n<p>Galimas fizinis arba skaitmeninis pristatymas.<\/p>","protected":false},"featured_media":3413,"comment_status":"open","ping_status":"closed","template":"","meta":{"site-sidebar-layout":"default","site-content-layout":"default","ast-site-content-layout":"default","site-content-style":"default","site-sidebar-style":"default","ast-global-header-display":"","ast-banner-title-visibility":"","ast-main-header-display":"","ast-hfb-above-header-display":"","ast-hfb-below-header-display":"","ast-hfb-mobile-header-display":"","site-post-title":"","ast-breadcrumbs-content":"","ast-featured-img":"","footer-sml-layout":"","theme-transparent-header-meta":"default","adv-header-id-meta":"","stick-header-meta":"","header-above-stick-meta":"","header-main-stick-meta":"","header-below-stick-meta":"","astra-migrate-meta-layouts":"set","ast-page-background-enabled":"default","ast-page-background-meta":{"desktop":{"background-color":"","background-image":"","background-repeat":"repeat","background-position":"center center","background-size":"auto","background-attachment":"scroll","background-type":"","background-media":"","overlay-type":"","overlay-color":"","overlay-opacity":"","overlay-gradient":""},"tablet":{"background-color":"","background-image":"","background-repeat":"repeat","background-position":"center center","background-size":"auto","background-attachment":"scroll","background-type":"","background-media":"","overlay-type":"","overlay-color":"","overlay-opacity":"","overlay-gradient":""},"mobile":{"background-color":"","background-image":"","background-repeat":"repeat","background-position":"center center","background-size":"auto","background-attachment":"scroll","background-type":"","background-media":"","overlay-type":"","overlay-color":"","overlay-opacity":"","overlay-gradient":""}},"ast-content-background-meta":{"desktop":{"background-color":"var(--ast-global-color-5)","background-image":"","background-repeat":"repeat","background-position":"center center","background-size":"auto","background-attachment":"scroll","background-type":"","background-media":"","overlay-type":"","overlay-color":"","overlay-opacity":"","overlay-gradient":""},"tablet":{"background-color":"var(--ast-global-color-5)","background-image":"","background-repeat":"repeat","background-position":"center center","background-size":"auto","background-attachment":"scroll","background-type":"","background-media":"","overlay-type":"","overlay-color":"","overlay-opacity":"","overlay-gradient":""},"mobile":{"background-color":"var(--ast-global-color-5)","background-image":"","background-repeat":"repeat","background-position":"center center","background-size":"auto","background-attachment":"scroll","background-type":"","background-media":"","overlay-type":"","overlay-color":"","overlay-opacity":"","overlay-gradient":""}}},"product_brand":[],"product_cat":[25,119,17,184,19],"product_tag":[187,195,181,191,198,192,194,196,186,188,199,190,189,193,197,41],"class_list":{"0":"post-3405","1":"product","2":"type-product","3":"status-publish","4":"has-post-thumbnail","6":"product_cat-forest","7":"product_cat-gifts-interior-details","8":"product_cat-oneofakind","9":"product_cat-sand-collection","10":"product_cat-sea","11":"product_tag-acrylic-painted-box","12":"product_tag-artistic-gift-box","13":"product_tag-christmas-gift","14":"product_tag-coastal-decor","15":"product_tag-eco-christmas-gift","16":"product_tag-forest-inspired-decor","17":"product_tag-gift-for-nature-lovers","18":"product_tag-handmade-christmas-gift","19":"product_tag-handmade-wooden-box","20":"product_tag-jewellery-box","21":"product_tag-keepsake-box","22":"product_tag-moss-art-box","23":"product_tag-nature-gift-box","24":"product_tag-nature-home-decor","25":"product_tag-unique-christmas-gift","26":"product_tag-violetakomart","27":"desktop-align-center","28":"tablet-align-left","29":"mobile-align-left","31":"first","32":"instock","33":"featured","34":"shipping-taxable","35":"purchasable","36":"product-type-variable"},"_links":{"self":[{"href":"https:\/\/shop.violetakom.art\/lt\/wp-json\/wp\/v2\/product\/3405","targetHints":{"allow":["GET"]}}],"collection":[{"href":"https:\/\/shop.violetakom.art\/lt\/wp-json\/wp\/v2\/product"}],"about":[{"href":"https:\/\/shop.violetakom.art\/lt\/wp-json\/wp\/v2\/types\/product"}],"replies":[{"embeddable":true,"href":"https:\/\/shop.violetakom.art\/lt\/wp-json\/wp\/v2\/comments?post=3405"}],"wp:featuredmedia":[{"embeddable":true,"href":"https:\/\/shop.violetakom.art\/lt\/wp-json\/wp\/v2\/media\/3413"}],"wp:attachment":[{"href":"https:\/\/shop.violetakom.art\/lt\/wp-json\/wp\/v2\/media?parent=3405"}],"wp:term":[{"taxonomy":"product_brand","embeddable":true,"href":"https:\/\/shop.violetakom.art\/lt\/wp-json\/wp\/v2\/product_brand?post=3405"},{"taxonomy":"product_cat","embeddable":true,"href":"https:\/\/shop.violetakom.art\/lt\/wp-json\/wp\/v2\/product_cat?post=3405"},{"taxonomy":"product_tag","embeddable":true,"href":"https:\/\/shop.violetakom.art\/lt\/wp-json\/wp\/v2\/product_tag?post=3405"}],"curies":[{"name":"wp","href":"https:\/\/api.w.org\/{rel}","templated":true}]}}