{"id":3366,"date":"2025-10-16T08:16:33","date_gmt":"2025-10-16T08:16:33","guid":{"rendered":"https:\/\/shop.violetakom.art\/?post_type=product&#038;p=3366"},"modified":"2025-11-22T07:56:13","modified_gmt":"2025-11-22T07:56:13","slug":"hand-made-boxes-sand","status":"publish","type":"product","link":"https:\/\/shop.violetakom.art\/lt\/produktas\/hand-made-boxes-sand\/","title":{"rendered":"Rank\u0173 darbo d\u0117\u017eut\u0117s \u201eSM\u0116LIS\u201c"},"content":{"rendered":"<div id=\"Product-content-5335e7fe-3d72-4666-878b-d86cd8fc00767889762877659\" class=\"collapsible-content collapsible-content--all is-open\">\n<p style=\"text-align: center;\"><strong>Medin\u0117s gamtos d\u0117\u017eut\u0117s \u2013 tapytos \u0161iltais sm\u0117lio ir med\u017eio atspalviais<\/strong><\/p>\n<p style=\"text-align: center;\"><strong>\u0160ios medin\u0117s d\u0117\u017eut\u0117s \u2013 tarsi tyl\u016bs gamtos lai\u0161kai. Kiekviena j\u0173 tapoma akriliniais da\u017eais \u0161velniais, organi\u0161kais atspalviais, primenan\u010diais sm\u0117l\u012f, dreifuojan\u010di\u0105 medien\u0105 ir j\u016bros put\u0105. Vir\u0161elis papuo\u0161tas nat\u016braliais lobiais \u2013 stabilizuotomis Baltijos samanomis, sola med\u017eio \u017eiedais ir j\u016bros kriaukl\u0117mis \u2013 kuriant harmoning\u0105 meno ir gamtos sintez\u0119.<\/strong><\/p>\n<p style=\"text-align: center;\"><strong>Kiekviena d\u0117\u017eut\u0117 kruop\u0161\u010diai ir su meile tapoma mano rankomis. Med\u017eiagos renkamos atsakingai ir pagarbiu b\u016bdu \u2013 samanos i\u0161 Baltijos mi\u0161k\u0173, kriaukl\u0117s i\u0161 paj\u016brio pasivaik\u0161\u010diojim\u0173, o \u017eiedai pjaustomi i\u0161 nat\u016bralaus med\u017eio.<\/strong><\/p>\n<p style=\"text-align: center;\"><strong>N\u0117 viena d\u0117\u017eut\u0117 neb\u016bna vienoda. Kiekviena j\u0173 turi savit\u0105 nuotaik\u0105 ir istorij\u0105 \u2013 vienetinis k\u016brinys, kvepiantis gamta.<\/strong><\/p>\n<p style=\"text-align: center;\"><strong>Galite naudoti kaip papuo\u0161al\u0173 d\u0117\u017eut\u0119, prisiminim\u0173 d\u0117\u017eut\u0119, \"vok\u0105\"atvirukui ar pinigams, arba kaip prasming\u0105 dovan\u0173 d\u0117\u017eut\u0119, kuri pati tampa dovanos dalimi.<\/strong><\/p>\n<p style=\"text-align: center;\"><strong>Tobulas pasirinkimas gamtos myl\u0117tojams, meno kolekcionieriams ir i\u0161skirtinio interjero gerb\u0117jams, norintiems \u012f namus \u012fne\u0161ti laukin\u0117s ramyb\u0117s. Prasminga, meni\u0161ka dovana gimtadieniui, vestuv\u0117ms, \u012fkurtuv\u0117msi, Kal\u0117doms ar Motinos dienai.<\/strong><\/p>\n<p style=\"text-align: center;\"><strong>Kiekviena d\u0117\u017eut\u0117 kurta taip, kad b\u016bt\u0173 branginama ilgus metus \u2014 pripildyta sielos, gamtos ir tyliai kalban\u010dio gro\u017eio.<\/strong><strong style=\"font-size: 16px;\">&#8221;<\/strong><\/p>\n<p><img fetchpriority=\"high\" decoding=\"async\" class=\"alignnone size-medium wp-image-2419 aligncenter\" src=\"https:\/\/shop.violetakom.art\/wp-content\/uploads\/2022\/11\/Violeta-Kom_black_low-res-300x200.png\" alt=\"\" width=\"300\" height=\"200\" srcset=\"https:\/\/shop.violetakom.art\/wp-content\/uploads\/2022\/11\/Violeta-Kom_black_low-res-300x200.png 300w, https:\/\/shop.violetakom.art\/wp-content\/uploads\/2022\/11\/Violeta-Kom_black_low-res-600x400.png 600w, https:\/\/shop.violetakom.art\/wp-content\/uploads\/2022\/11\/Violeta-Kom_black_low-res-1024x683.png 1024w, https:\/\/shop.violetakom.art\/wp-content\/uploads\/2022\/11\/Violeta-Kom_black_low-res-768x512.png 768w, https:\/\/shop.violetakom.art\/wp-content\/uploads\/2022\/11\/Violeta-Kom_black_low-res.png 1500w\" sizes=\"(max-width: 300px) 100vw, 300px\" \/><\/p>\n<p><iframe title=\"Handmade Nature Wooden Boxes\" width=\"422\" height=\"750\" src=\"https:\/\/www.youtube.com\/embed\/sqXdthjv9h8?feature=oembed\" frameborder=\"0\" allow=\"accelerometer; autoplay; clipboard-write; encrypted-media; gyroscope; picture-in-picture; web-share\" referrerpolicy=\"strict-origin-when-cross-origin\" allowfullscreen><\/iframe><\/p>\n<p>&nbsp;<\/p>\n<div class=\"collapsible-content__inner rte\">\n<p style=\"text-align: left;\"><strong><button class=\"label collapsible-trigger collapsible-trigger-btn collapsible-trigger-btn--borders collapsible--auto-height is-open\" type=\"button\" aria-controls=\"Product-content-5335e7fe-3d72-4666-878b-d86cd8fc00767889762877659\" aria-expanded=\"true\">PRIEMON\u0116S<\/button><\/strong><\/p>\n<p style=\"text-align: left;\">Tapyta akriliniais da\u017eais ramiais, nat\u016braliais atspalviais, \u012fkv\u0117ptais sm\u0117lio ir dreifuojan\u010dios medienos.<br \/>\nPapuo\u0161ta stabilizuotomis Baltijos mi\u0161k\u0173 samanomis, sola med\u017eio \u017eiedais ir j\u016bros kriaukl\u0117mis.<br \/>\nVisi nat\u016bral\u016bs elementai tvirtai pritvirtinti ir padengti plonu UV lako sluoksniu, kuris u\u017etikrina ilgaam\u017e\u012f gro\u017e\u012f.<\/p>\n<\/div>\n<div class=\"collapsible-content__inner rte\">\n<p><button class=\"label collapsible-trigger collapsible-trigger-btn collapsible-trigger-btn--borders collapsible--auto-height is-open\" type=\"button\" aria-controls=\"Product-content-tab7889762877659\" aria-expanded=\"true\">PRISTATYMAS<\/button><\/p>\n<div id=\"Product-content-tab7889762877659\" class=\"collapsible-content collapsible-content--all is-open\">\n<div class=\"collapsible-content__inner rte\">\n<p>J\u016bs\u0173 d\u0117\u017eut\u0117 bus atsakingai supakuota ir i\u0161si\u0173sta per 3 darbo dienas.<br \/>\nYou will receive a confirmation email and tracking number as soon as your order is dispatched.<br \/>\nKiekvienas u\u017esakymas atsakingai supakuojamas taip, kad kelion\u0117s metu b\u016bt\u0173 apsaugotas kiekvienas nat\u016bralus elementas.<\/p>\n<p><button class=\"label collapsible-trigger collapsible-trigger-btn collapsible-trigger-btn--borders collapsible--auto-height is-open\" type=\"button\" aria-controls=\"Product-content-7d008943-f97b-4e40-8cad-41d3ee2c182e7889762877659\" aria-expanded=\"true\">INDIVIDUAL\u016aS U\u017dSAKYMAI<\/button><\/p>\n<div id=\"Product-content-7d008943-f97b-4e40-8cad-41d3ee2c182e7889762877659\" class=\"collapsible-content collapsible-content--all is-open\">\n<div class=\"collapsible-content__inner rte\">\n<p>Nor\u0117tum\u0117te d\u0117\u017eut\u0117s pagal individual\u0173 u\u017esakym\u0105 \u2014 konkretaus dyd\u017eio, spalv\u0173 ar tematikos?<br \/>\nMielai priimu individualius u\u017esakymus \u2014 susisiekite su manimi info@violetakom.art arba apsilankykite \u201eIndividualaus meno\u201c puslapyje, kad pasidalintum\u0117te savo vizija ir gau\u010diau galimyb\u0119 paruo\u0161ti asmenin\u012f pasi\u016blym\u0105.<\/p>\n<p><button class=\"label collapsible-trigger collapsible-trigger-btn collapsible-trigger-btn--borders collapsible--auto-height is-open\" type=\"button\" aria-controls=\"Product-content-3e6c395c-2b00-41d3-b45c-72de68b7e9de7889762877659\" aria-expanded=\"true\">GR\u0104\u017dINIMO TAISYKL\u0116S<\/button><\/p>\n<div id=\"Product-content-3e6c395c-2b00-41d3-b45c-72de68b7e9de7889762877659\" class=\"collapsible-content collapsible-content--all is-open\">\n<div class=\"collapsible-content__inner rte\">\n<p>Visi rank\u0173 darbo gaminiai yra negr\u0105\u017einami, nes kiekvienas k\u016brinys kuriamas individualiai ir yra vienetinis. Ta\u010diau, jei kilt\u0173 koki\u0173 nors nesklandum\u0173 d\u0117l u\u017esakymo, susisiekite su manimi el. pa\u0161tu <a href=\"mailto:info@violetakom.art\" target=\"_blank\" rel=\"noopener\">info@violetakom.art<\/a> per 2 darbo dienas nuo siuntos gavimo.<\/p>\n<p><button class=\"label collapsible-trigger collapsible-trigger-btn collapsible-trigger-btn--borders collapsible--auto-height is-open\" type=\"button\" aria-controls=\"Product-content-3e6c395c-2b00-41d3-b45c-72de68b7e9de7889762877659\" aria-expanded=\"true\">D\u0116MESIO<\/button><\/p>\n<div id=\"Product-content-3e6c395c-2b00-41d3-b45c-72de68b7e9de7889762877659\" class=\"collapsible-content collapsible-content--all is-open\">\n<div class=\"collapsible-content__inner rte\">\n<p>Visos d\u0117\u017eut\u0117s fotografuojamos nat\u016bralioje dienos \u0161viesoje.<br \/>\nAtkreipkite d\u0117mes\u012f, kad d\u0117l skirting\u0173 ekran\u0173 nustatym\u0173 spalvos gali \u0161iek tiek skirtis nuo realyb\u0117s.<br \/>\nKiekvienas k\u016brinys yra rank\u0173 darbo, tod\u0117l nedideli fakt\u016bros ar med\u017eiag\u0173 skirtumai yra nat\u016brali ir \u017eavinga jo dalis.<\/p>\n<\/div>\n<\/div>\n<\/div>\n<\/div>\n<\/div>\n<\/div>\n<\/div>\n<\/div>\n<\/div>\n<\/div>","protected":false},"excerpt":{"rendered":"<p>MEDIN\u0116 D\u0116\u017dUT\u0116, KURI KVEPIA GAMTA<\/p>\n<p>Akriliniais da\u017eais tapyta medin\u0117 d\u0117\u017eut\u0117, \u012fkv\u0117pta rami\u0173 sm\u0117lio ir dreifuojan\u010dios medienos atspalvi\u0173.<br \/>\nPapuo\u0161ta stabilizuotomis Baltijos mi\u0161k\u0173 samanomis, sola med\u017eio \u017eiedais ir j\u016bros kriaukl\u0117mis \u2014 kiekviena d\u0117\u017eut\u0117 unikali, kuriama su meile ir pagarba gamtai.<br \/>\nMa\u017eas gamtos lobis \u2014 tobulas pasirinkimas papuo\u0161alams arba prasmingai dovanai.<\/p>\n<p>Gamtos \u012fkv\u0117ptas k\u016brinys, sukurtas meninink\u0117s Violetos Kom.<br \/>\nVisos detal\u0117s \u012fkomponuotos naudojant autor\u0117s sukurt\u0105 \u201cKlijam Ne\u201d technik\u0105, kuri leid\u017eia sukurti vientis\u0105, tvirt\u0105 3D meno k\u016brin\u012f..<\/p>\n<p>Galimos skirtingos dyd\u017ei\u0173 variacijos.<\/p>\n<p>NEMOKAMAS PRISTATYMAS ES \u0160ALYSE U\u017dSAKYMAMS VIR\u0160 50 \u20ac<\/p>\n<p>&nbsp;<\/p>\n<p>&nbsp;<\/p>","protected":false},"featured_media":3393,"comment_status":"open","ping_status":"closed","template":"","meta":{"site-sidebar-layout":"default","site-content-layout":"default","ast-site-content-layout":"default","site-content-style":"default","site-sidebar-style":"default","ast-global-header-display":"","ast-banner-title-visibility":"","ast-main-header-display":"","ast-hfb-above-header-display":"","ast-hfb-below-header-display":"","ast-hfb-mobile-header-display":"","site-post-title":"","ast-breadcrumbs-content":"","ast-featured-img":"","footer-sml-layout":"","theme-transparent-header-meta":"default","adv-header-id-meta":"","stick-header-meta":"","header-above-stick-meta":"","header-main-stick-meta":"","header-below-stick-meta":"","astra-migrate-meta-layouts":"set","ast-page-background-enabled":"default","ast-page-background-meta":{"desktop":{"background-color":"","background-image":"","background-repeat":"repeat","background-position":"center center","background-size":"auto","background-attachment":"scroll","background-type":"","background-media":"","overlay-type":"","overlay-color":"","overlay-opacity":"","overlay-gradient":""},"tablet":{"background-color":"","background-image":"","background-repeat":"repeat","background-position":"center center","background-size":"auto","background-attachment":"scroll","background-type":"","background-media":"","overlay-type":"","overlay-color":"","overlay-opacity":"","overlay-gradient":""},"mobile":{"background-color":"","background-image":"","background-repeat":"repeat","background-position":"center center","background-size":"auto","background-attachment":"scroll","background-type":"","background-media":"","overlay-type":"","overlay-color":"","overlay-opacity":"","overlay-gradient":""}},"ast-content-background-meta":{"desktop":{"background-color":"var(--ast-global-color-5)","background-image":"","background-repeat":"repeat","background-position":"center center","background-size":"auto","background-attachment":"scroll","background-type":"","background-media":"","overlay-type":"","overlay-color":"","overlay-opacity":"","overlay-gradient":""},"tablet":{"background-color":"var(--ast-global-color-5)","background-image":"","background-repeat":"repeat","background-position":"center center","background-size":"auto","background-attachment":"scroll","background-type":"","background-media":"","overlay-type":"","overlay-color":"","overlay-opacity":"","overlay-gradient":""},"mobile":{"background-color":"var(--ast-global-color-5)","background-image":"","background-repeat":"repeat","background-position":"center center","background-size":"auto","background-attachment":"scroll","background-type":"","background-media":"","overlay-type":"","overlay-color":"","overlay-opacity":"","overlay-gradient":""}}},"product_brand":[],"product_cat":[119,184],"product_tag":[187,195,181,191,198,192,194,196,186,188,199,190,189,193,197,41],"class_list":{"0":"post-3366","1":"product","2":"type-product","3":"status-publish","4":"has-post-thumbnail","6":"product_cat-gifts-interior-details","7":"product_cat-sand-collection","8":"product_tag-acrylic-painted-box","9":"product_tag-artistic-gift-box","10":"product_tag-christmas-gift","11":"product_tag-coastal-decor","12":"product_tag-eco-christmas-gift","13":"product_tag-forest-inspired-decor","14":"product_tag-gift-for-nature-lovers","15":"product_tag-handmade-christmas-gift","16":"product_tag-handmade-wooden-box","17":"product_tag-jewellery-box","18":"product_tag-keepsake-box","19":"product_tag-moss-art-box","20":"product_tag-nature-gift-box","21":"product_tag-nature-home-decor","22":"product_tag-unique-christmas-gift","23":"product_tag-violetakomart","24":"desktop-align-center","25":"tablet-align-left","26":"mobile-align-left","28":"first","29":"instock","30":"featured","31":"shipping-taxable","32":"purchasable","33":"product-type-variable"},"_links":{"self":[{"href":"https:\/\/shop.violetakom.art\/lt\/wp-json\/wp\/v2\/product\/3366","targetHints":{"allow":["GET"]}}],"collection":[{"href":"https:\/\/shop.violetakom.art\/lt\/wp-json\/wp\/v2\/product"}],"about":[{"href":"https:\/\/shop.violetakom.art\/lt\/wp-json\/wp\/v2\/types\/product"}],"replies":[{"embeddable":true,"href":"https:\/\/shop.violetakom.art\/lt\/wp-json\/wp\/v2\/comments?post=3366"}],"wp:featuredmedia":[{"embeddable":true,"href":"https:\/\/shop.violetakom.art\/lt\/wp-json\/wp\/v2\/media\/3393"}],"wp:attachment":[{"href":"https:\/\/shop.violetakom.art\/lt\/wp-json\/wp\/v2\/media?parent=3366"}],"wp:term":[{"taxonomy":"product_brand","embeddable":true,"href":"https:\/\/shop.violetakom.art\/lt\/wp-json\/wp\/v2\/product_brand?post=3366"},{"taxonomy":"product_cat","embeddable":true,"href":"https:\/\/shop.violetakom.art\/lt\/wp-json\/wp\/v2\/product_cat?post=3366"},{"taxonomy":"product_tag","embeddable":true,"href":"https:\/\/shop.violetakom.art\/lt\/wp-json\/wp\/v2\/product_tag?post=3366"}],"curies":[{"name":"wp","href":"https:\/\/api.w.org\/{rel}","templated":true}]}}