{"id":3234,"date":"2025-03-06T11:54:08","date_gmt":"2025-03-06T11:54:08","guid":{"rendered":"https:\/\/shop.violetakom.art\/?post_type=product&#038;p=3234"},"modified":"2025-11-15T10:18:20","modified_gmt":"2025-11-15T10:18:20","slug":"lush-of-nature-set","status":"publish","type":"product","link":"https:\/\/shop.violetakom.art\/lt\/produktas\/lush-of-nature-set\/","title":{"rendered":"Gamtos sodrumas"},"content":{"rendered":"<div id=\"Product-content-5335e7fe-3d72-4666-878b-d86cd8fc00767889762877659\" class=\"collapsible-content collapsible-content--all is-open\">\n<div class=\"collapsible-content__inner rte\"><\/div>\n<p>&nbsp;<\/p>\n<p style=\"text-align: center;\"><strong>\u201eMi\u0161ko Sodrumas\u201c - tai gyvybinga mi\u0161ko gro\u017eio \u0161vent\u0117. Sluoksniai tekan\u010di\u0173 akrilini\u0173 da\u017e\u0173 ant stiklo sukuria hipnotizuojant\u012f fon\u0105, primenant\u012f upes, med\u017ei\u0173 \u017eiev\u0119 ir besikei\u010dian\u010dius peiza\u017eus.<\/strong><\/p>\n<p style=\"text-align: center;\" data-pm-slice=\"1 1 []\"><strong>Tikros stabilizuotos samanos ir rankomis surinkti kankor\u0117\u017eiai suteikia gylio ir tekst\u016bros, primenan\u010dios mi\u0161ko \u0161ventov\u0117s ramyb\u0119. Subtilios g\u0117l\u0117s, kriaukl\u0117s ir organiniai elementai skland\u017eiai dera tarpusavyje, o kiekvienas k\u016brinys pasakoja unikali\u0105 istorij\u0105 apie turting\u0105 gamtos gro\u017e\u012f.<\/strong><\/p>\n<p style=\"text-align: center;\" data-pm-slice=\"1 1 []\"><strong>N\u0117ra dviej\u0173 vienod\u0173. Kiekviena nat\u016brali detal\u0117 kruop\u0161\u010diai i\u0161d\u0117styta, tod\u0117l kiekvienas k\u016brinys yra unikalus. \u017dem\u0117s atspalviai, turtingos tekst\u016bros kvie\u010dia pajusti harmonij\u0105 ir \u012f\u017eemina erdv\u0119 savo ramia energija.<\/strong><\/p>\n<p style=\"text-align: center;\" data-pm-slice=\"1 1 []\"><strong>Puiki dovana gamtos myl\u0117tojams ir visiems, ie\u0161kantiems ramaus pab\u0117gimo savo namuose ar darbe. Idealiai tinka \u0161iuolaikiniams namams, minimalistiniams interjerams, skandinavi\u0161kam dekorui, SPA kambariams ir k\u016brybin\u0117ms studijoms.<\/strong><\/p>\n<p style=\"text-align: center;\" data-pm-slice=\"1 1 []\"><strong><br \/>\nRank\u0173 darbo unikalus kurinys. Gamta, subtiliai \u012fr\u0117minta elegancijoje.\"<\/strong><\/p>\n<p><img fetchpriority=\"high\" decoding=\"async\" class=\"alignnone size-medium wp-image-2419 aligncenter\" src=\"https:\/\/shop.violetakom.art\/wp-content\/uploads\/2022\/11\/Violeta-Kom_black_low-res-300x200.png\" alt=\"\" width=\"300\" height=\"200\" srcset=\"https:\/\/shop.violetakom.art\/wp-content\/uploads\/2022\/11\/Violeta-Kom_black_low-res-300x200.png 300w, https:\/\/shop.violetakom.art\/wp-content\/uploads\/2022\/11\/Violeta-Kom_black_low-res-600x400.png 600w, https:\/\/shop.violetakom.art\/wp-content\/uploads\/2022\/11\/Violeta-Kom_black_low-res-1024x683.png 1024w, https:\/\/shop.violetakom.art\/wp-content\/uploads\/2022\/11\/Violeta-Kom_black_low-res-768x512.png 768w, https:\/\/shop.violetakom.art\/wp-content\/uploads\/2022\/11\/Violeta-Kom_black_low-res.png 1500w\" sizes=\"(max-width: 300px) 100vw, 300px\" \/><\/p>\n<p><iframe title=\"Handmade moss wall art \ud83c\udf3f Unique nature decor &amp; perfect gift! \ud83c\udf43 #MossArt #HandmadeDecor\" width=\"500\" height=\"281\" src=\"https:\/\/www.youtube.com\/embed\/vLqaMc2M0po?feature=oembed\" frameborder=\"0\" allow=\"accelerometer; autoplay; clipboard-write; encrypted-media; gyroscope; picture-in-picture; web-share\" referrerpolicy=\"strict-origin-when-cross-origin\" allowfullscreen><\/iframe><\/p>\n<p>&nbsp;<\/p>\n<div class=\"collapsible-content__inner rte\">\n<p style=\"text-align: left;\"><strong><button class=\"label collapsible-trigger collapsible-trigger-btn collapsible-trigger-btn--borders collapsible--auto-height is-open\" type=\"button\" aria-controls=\"Product-content-5335e7fe-3d72-4666-878b-d86cd8fc00767889762877659\" aria-expanded=\"true\">PRIEMON\u0116S<\/button><\/strong><\/p>\n<p style=\"text-align: left;\">Akrilu tapytas paveikslas ant stiklo, dekoruotas stabilizuoyomis samanomis, pu\u0161\u0173 kankor\u0117\u017eiais ir mi\u0161ko g\u0117ryb\u0117mis. K\u016brinys \u012fkomponuotas \u012f kokybi\u0161k\u0105 med\u017eio imitacijos plastikin\u012f r\u0117mel\u012f.<\/p>\n<p>Detal\u0117s padengiamos plonu UV lako sluoksniu.<\/p>\n<\/div>\n<div class=\"collapsible-content__inner rte\">\n<p><button class=\"label collapsible-trigger collapsible-trigger-btn collapsible-trigger-btn--borders collapsible--auto-height is-open\" type=\"button\" aria-controls=\"Product-content-tab7889762877659\" aria-expanded=\"true\">PRISTATYMAS<\/button><\/p>\n<div id=\"Product-content-tab7889762877659\" class=\"collapsible-content collapsible-content--all is-open\">\n<div class=\"collapsible-content__inner rte\">\n<p>\u0160is originalus meninis darbas bus supakuotas ir i\u0161si\u0173stas jums per 3 darbo dienas. Kai siuntinys bus i\u0161si\u0173stas, gausite siuntimo patvirtinim\u0105 ir sekimo informacij\u0105.<\/p>\n<p><button class=\"label collapsible-trigger collapsible-trigger-btn collapsible-trigger-btn--borders collapsible--auto-height is-open\" type=\"button\" aria-controls=\"Product-content-7d008943-f97b-4e40-8cad-41d3ee2c182e7889762877659\" aria-expanded=\"true\">INDIVIDUAL\u016aS U\u017dSAKYMAI<\/button><\/p>\n<div id=\"Product-content-7d008943-f97b-4e40-8cad-41d3ee2c182e7889762877659\" class=\"collapsible-content collapsible-content--all is-open\">\n<div class=\"collapsible-content__inner rte\">\n<p>Jei pageidaujate kitokio dyd\u017eio ar spalvos arba turite savo vizij\u0105! Pra\u0161ome eiti \u012f <a href=\"https:\/\/violetakom.art\/customart\/\" target=\"_blank\" rel=\"noopener\">Individual\u016bs U\u017esakymai<\/a> kur rasite daugiau informacijos, kaip prad\u0117ti \u0161\u012f proces\u0105 arba para\u0161ykite man e. lai\u0161k\u0105 info@violetakom.art<\/p>\n<p><button class=\"label collapsible-trigger collapsible-trigger-btn collapsible-trigger-btn--borders collapsible--auto-height is-open\" type=\"button\" aria-controls=\"Product-content-3e6c395c-2b00-41d3-b45c-72de68b7e9de7889762877659\" aria-expanded=\"true\">GR\u0104\u017dINIMO TAISYKL\u0116S<\/button><\/p>\n<div id=\"Product-content-3e6c395c-2b00-41d3-b45c-72de68b7e9de7889762877659\" class=\"collapsible-content collapsible-content--all is-open\">\n<div class=\"collapsible-content__inner rte\">\n<p>Visi original\u016bs meno k\u016briniai parduodami galutinai. Ta\u010diau, jei turite koki\u0173 nors problem\u0173 d\u0117l u\u017esakymo, susisiekite su manimi <a href=\"mailto:info@violetakom.art\" target=\"_blank\" rel=\"noopener\">info@violetakom.art<\/a> per 2 darbo dienas nuo siuntos gavimo.<\/p>\n<p><button class=\"label collapsible-trigger collapsible-trigger-btn collapsible-trigger-btn--borders collapsible--auto-height is-open\" type=\"button\" aria-controls=\"Product-content-3e6c395c-2b00-41d3-b45c-72de68b7e9de7889762877659\" aria-expanded=\"true\">D\u0116MESIO<\/button><\/p>\n<div id=\"Product-content-3e6c395c-2b00-41d3-b45c-72de68b7e9de7889762877659\" class=\"collapsible-content collapsible-content--all is-open\">\n<div class=\"collapsible-content__inner rte\">\n<p>Visi meno k\u016briniai yra profesionaliai nufotografuoti. Ta\u010diau kiekviename monitoriuje spalvos rodomos skirtingai ir gali \u0161iek tiek skirtis nuo originalo.<\/p>\n<\/div>\n<\/div>\n<\/div>\n<\/div>\n<\/div>\n<\/div>\n<\/div>\n<\/div>\n<\/div>\n<\/div>","protected":false},"excerpt":{"rendered":"<p>DIPTIKAS \u201cGAMTOS SODRUMAS\u201d 32.5\u00d734\u00d73cm<\/p>\n<p>Set of Two nature-inspired artworks by artist Violeta Kom. This original painting was created by mixing fluid art techniques and enhanced with natural ingredients: moss, wood, pine cones\u2026<\/p>\n<p><span style=\"font-weight: 400;\">Visos detal\u0117s \u012fkomponuotos naudojant autor\u0117s sukurt\u0105 \u201cKlijam Ne\u201d technik\u0105, kuri leid\u017eia sukurti vientis\u0105, tvirt\u0105 3D meno k\u016brin\u012f..<\/span><\/p>\n<p>Paveiksl\u0105 galima pasukti ir pakabinti bet kuria kryptimi, taip suteikiant daugiau galim\u0173 variant\u0173.<\/p>\n<p>Autor\u0117s ranka pasira\u0161ytas<\/p>\n<p>Pridedama dovan\u0173 d\u0117\u017eut\u0117.<\/p>\n<p>&nbsp;<\/p>\n<p>&nbsp;<\/p>","protected":false},"featured_media":3232,"comment_status":"open","ping_status":"closed","template":"","meta":{"site-sidebar-layout":"default","site-content-layout":"default","ast-site-content-layout":"default","site-content-style":"default","site-sidebar-style":"default","ast-global-header-display":"","ast-banner-title-visibility":"","ast-main-header-display":"","ast-hfb-above-header-display":"","ast-hfb-below-header-display":"","ast-hfb-mobile-header-display":"","site-post-title":"","ast-breadcrumbs-content":"","ast-featured-img":"","footer-sml-layout":"","theme-transparent-header-meta":"default","adv-header-id-meta":"","stick-header-meta":"","header-above-stick-meta":"","header-main-stick-meta":"","header-below-stick-meta":"","astra-migrate-meta-layouts":"set","ast-page-background-enabled":"default","ast-page-background-meta":{"desktop":{"background-color":"","background-image":"","background-repeat":"repeat","background-position":"center center","background-size":"auto","background-attachment":"scroll","background-type":"","background-media":"","overlay-type":"","overlay-color":"","overlay-opacity":"","overlay-gradient":""},"tablet":{"background-color":"","background-image":"","background-repeat":"repeat","background-position":"center center","background-size":"auto","background-attachment":"scroll","background-type":"","background-media":"","overlay-type":"","overlay-color":"","overlay-opacity":"","overlay-gradient":""},"mobile":{"background-color":"","background-image":"","background-repeat":"repeat","background-position":"center center","background-size":"auto","background-attachment":"scroll","background-type":"","background-media":"","overlay-type":"","overlay-color":"","overlay-opacity":"","overlay-gradient":""}},"ast-content-background-meta":{"desktop":{"background-color":"var(--ast-global-color-5)","background-image":"","background-repeat":"repeat","background-position":"center center","background-size":"auto","background-attachment":"scroll","background-type":"","background-media":"","overlay-type":"","overlay-color":"","overlay-opacity":"","overlay-gradient":""},"tablet":{"background-color":"var(--ast-global-color-5)","background-image":"","background-repeat":"repeat","background-position":"center center","background-size":"auto","background-attachment":"scroll","background-type":"","background-media":"","overlay-type":"","overlay-color":"","overlay-opacity":"","overlay-gradient":""},"mobile":{"background-color":"var(--ast-global-color-5)","background-image":"","background-repeat":"repeat","background-position":"center center","background-size":"auto","background-attachment":"scroll","background-type":"","background-media":"","overlay-type":"","overlay-color":"","overlay-opacity":"","overlay-gradient":""}}},"product_brand":[],"product_cat":[25,119],"product_tag":[175,149,174,180,143,181,183,137,170,142,171,168,138,178,177,144,179,141,136,169,146,147,172,139,176,182,145,150,173,140,148],"class_list":{"0":"post-3234","1":"product","2":"type-product","3":"status-publish","4":"has-post-thumbnail","6":"product_cat-forest","7":"product_cat-gifts-interior-details","8":"product_tag-acrylic-and-moss-wall-painting","9":"product_tag-biophilic-design-art","10":"product_tag-biophilic-wall-art-decor","11":"product_tag-birthday-gift","12":"product_tag-botanical-wall-decor","13":"product_tag-christmas-gift","14":"product_tag-diptych","15":"product_tag-eco-friendly-home-decor","16":"product_tag-eco-friendly-home-decor-gift","17":"product_tag-forest-wall-art","18":"product_tag-forest-wall-art-handmade","19":"product_tag-handmade-moss-wall-art","20":"product_tag-handmade-wall-decor","21":"product_tag-housewarming-gift","22":"product_tag-luxury-nature-inspired-gift","23":"product_tag-minimalist-nature-art","24":"product_tag-mothersday-gift","25":"product_tag-natural-home-accents","26":"product_tag-nature-wall-art","27":"product_tag-nature-inspired-wall-decor","28":"product_tag-organic-wall-hanging","29":"product_tag-pinecone-and-moss-art","30":"product_tag-preserved-moss-painting","31":"product_tag-rustic-modern-art","32":"product_tag-rustic-modern-botanical-wall-art","33":"product_tag-set-of-two","34":"product_tag-sustainable-interior-design","35":"product_tag-unique-gift-for-nature-lovers","36":"product_tag-unique-nature-gift-for-home","37":"product_tag-woodland-inspired-decor","38":"product_tag-zen-wall-decor","39":"desktop-align-center","40":"tablet-align-left","41":"mobile-align-left","43":"first","44":"outofstock","45":"sold-individually","46":"shipping-taxable","47":"purchasable","48":"product-type-simple"},"_links":{"self":[{"href":"https:\/\/shop.violetakom.art\/lt\/wp-json\/wp\/v2\/product\/3234","targetHints":{"allow":["GET"]}}],"collection":[{"href":"https:\/\/shop.violetakom.art\/lt\/wp-json\/wp\/v2\/product"}],"about":[{"href":"https:\/\/shop.violetakom.art\/lt\/wp-json\/wp\/v2\/types\/product"}],"replies":[{"embeddable":true,"href":"https:\/\/shop.violetakom.art\/lt\/wp-json\/wp\/v2\/comments?post=3234"}],"wp:featuredmedia":[{"embeddable":true,"href":"https:\/\/shop.violetakom.art\/lt\/wp-json\/wp\/v2\/media\/3232"}],"wp:attachment":[{"href":"https:\/\/shop.violetakom.art\/lt\/wp-json\/wp\/v2\/media?parent=3234"}],"wp:term":[{"taxonomy":"product_brand","embeddable":true,"href":"https:\/\/shop.violetakom.art\/lt\/wp-json\/wp\/v2\/product_brand?post=3234"},{"taxonomy":"product_cat","embeddable":true,"href":"https:\/\/shop.violetakom.art\/lt\/wp-json\/wp\/v2\/product_cat?post=3234"},{"taxonomy":"product_tag","embeddable":true,"href":"https:\/\/shop.violetakom.art\/lt\/wp-json\/wp\/v2\/product_tag?post=3234"}],"curies":[{"name":"wp","href":"https:\/\/api.w.org\/{rel}","templated":true}]}}