{"id":3206,"date":"2025-03-03T18:08:22","date_gmt":"2025-03-03T18:08:22","guid":{"rendered":"https:\/\/shop.violetakom.art\/?post_type=product&#038;p=3206"},"modified":"2025-11-03T17:13:01","modified_gmt":"2025-11-03T17:13:01","slug":"message-2","status":"publish","type":"product","link":"https:\/\/shop.violetakom.art\/lt\/produktas\/message-2\/","title":{"rendered":"\u017dinut\u0117"},"content":{"rendered":"<div id=\"Product-content-5335e7fe-3d72-4666-878b-d86cd8fc00767889762877659\" class=\"collapsible-content collapsible-content--all is-open\">\n<div class=\"collapsible-content__inner rte\">\n<p style=\"text-align: center;\"><strong>\"\u201e\u017dinut\u0117\u201c \u2013 tylus, bet tvirtas balsas erdv\u0117je.\nTai k\u016brinys apie ribas, kurias br\u0117\u017eiame \u0161irdyje, ir stipryb\u0119, slypin\u010di\u0105 \u0161velnume. Apie gerum\u0105, kuris n\u0117ra silpnumas, ir apie pagarb\u0105, kuri\u0105 pelno kiekviena siela. Kai pasaulis negirdi tylos, tenka kalb\u0117ti stipriau \u2013 kartais net dr\u0105siais, kontrastingais pot\u0117piais.<\/strong><\/p>\n<p style=\"text-align: center;\"><strong>Juoda ir balta susilieja \u012f galing\u0105 energijos sraut\u0105, sidabro atspind\u017eiai prideda subtilios elegancijos, o stiklo akmen\u0117liai \u012fne\u0161a gylio, tarytum u\u017efiksuodami jausm\u0173 t\u0117km\u0119.<\/strong><\/p>\n<p style=\"text-align: center;\"><strong>Tai ne tik paveikslas \u2013 tai priminimas, kad \u0161velnumas gali b\u016bti stipryb\u0117, o siela verta b\u016bti saugoma nuo t\u0173, kurie negerbia jos rib\u0173.\"<\/strong><\/p>\n<\/div>\n<p><img fetchpriority=\"high\" decoding=\"async\" class=\"alignnone size-medium wp-image-2419 aligncenter\" src=\"https:\/\/shop.violetakom.art\/wp-content\/uploads\/2022\/11\/Violeta-Kom_black_low-res-300x200.png\" alt=\"\" width=\"300\" height=\"200\" srcset=\"https:\/\/shop.violetakom.art\/wp-content\/uploads\/2022\/11\/Violeta-Kom_black_low-res-300x200.png 300w, https:\/\/shop.violetakom.art\/wp-content\/uploads\/2022\/11\/Violeta-Kom_black_low-res-600x400.png 600w, https:\/\/shop.violetakom.art\/wp-content\/uploads\/2022\/11\/Violeta-Kom_black_low-res-1024x683.png 1024w, https:\/\/shop.violetakom.art\/wp-content\/uploads\/2022\/11\/Violeta-Kom_black_low-res-768x512.png 768w, https:\/\/shop.violetakom.art\/wp-content\/uploads\/2022\/11\/Violeta-Kom_black_low-res.png 1500w\" sizes=\"(max-width: 300px) 100vw, 300px\" \/><\/p>\n<p>&nbsp;<\/p>\n<p><iframe title=\"\u017dinut\u0117\" width=\"500\" height=\"281\" src=\"https:\/\/www.youtube.com\/embed\/DLvFvSFkDfA?feature=oembed\" frameborder=\"0\" allow=\"accelerometer; autoplay; clipboard-write; encrypted-media; gyroscope; picture-in-picture; web-share\" referrerpolicy=\"strict-origin-when-cross-origin\" allowfullscreen><\/iframe><\/p>\n<p>&nbsp;<\/p>\n<div class=\"collapsible-content__inner rte\">\n<p style=\"text-align: left;\"><strong><button class=\"label collapsible-trigger collapsible-trigger-btn collapsible-trigger-btn--borders collapsible--auto-height is-open\" type=\"button\" aria-controls=\"Product-content-5335e7fe-3d72-4666-878b-d86cd8fc00767889762877659\" aria-expanded=\"true\">PRIEMON\u0116S<\/button><\/strong><\/p>\n<p style=\"text-align: left;\">Akriliniai da\u017eai ant auk\u0161tos kokyb\u0117s drob\u0117s. Drob\u0117s gylis (\u0161ono storis) yra 3,5 cm. \u0160onai nutapyti, tod\u0117l paveikslas paruo\u0161tas kabinti, \u012fr\u0117minti neb\u016btina.<\/p>\n<p>\u0160is meno k\u016brinys padengtas plonu blizgaus UV lako sluoksniu. Pridedama kabinimo sistema, paveikslas paruo\u0161tas kabinti ant sienos.<\/p>\n<\/div>\n<div class=\"collapsible-content__inner rte\">\n<p><button class=\"label collapsible-trigger collapsible-trigger-btn collapsible-trigger-btn--borders collapsible--auto-height is-open\" type=\"button\" aria-controls=\"Product-content-tab7889762877659\" aria-expanded=\"true\">PRISTATYMAS<\/button><\/p>\n<div id=\"Product-content-tab7889762877659\" class=\"collapsible-content collapsible-content--all is-open\">\n<div class=\"collapsible-content__inner rte\">\n<p>\u0160is originalus paveikslas bus supakuotas ir i\u0161si\u0173stas jums per 3 darbo dienas. Kai paveikslas bus i\u0161si\u0173stas, gausite siuntimo patvirtinim\u0105 ir sekimo informacij\u0105.<\/p>\n<p><button class=\"label collapsible-trigger collapsible-trigger-btn collapsible-trigger-btn--borders collapsible--auto-height is-open\" type=\"button\" aria-controls=\"Product-content-7d008943-f97b-4e40-8cad-41d3ee2c182e7889762877659\" aria-expanded=\"true\">INDIVIDUAL\u016aS U\u017dSAKYMAI<\/button><\/p>\n<div id=\"Product-content-7d008943-f97b-4e40-8cad-41d3ee2c182e7889762877659\" class=\"collapsible-content collapsible-content--all is-open\">\n<div class=\"collapsible-content__inner rte\">\n<p>Jei pageidaujate kitokio dyd\u017eio ar spalvos arba turite savo vizij\u0105! Pra\u0161ome eiti \u012f <a href=\"https:\/\/violetakom.art\/customart\/\" target=\"_blank\" rel=\"noopener\">Individual\u016bs U\u017esakymai<\/a> kur rasite daugiau informacijos, kaip prad\u0117ti \u0161\u012f proces\u0105.<\/p>\n<p><button class=\"label collapsible-trigger collapsible-trigger-btn collapsible-trigger-btn--borders collapsible--auto-height is-open\" type=\"button\" aria-controls=\"Product-content-3e6c395c-2b00-41d3-b45c-72de68b7e9de7889762877659\" aria-expanded=\"true\">GR\u0104\u017dINIMO TAISYKL\u0116S<\/button><\/p>\n<div id=\"Product-content-3e6c395c-2b00-41d3-b45c-72de68b7e9de7889762877659\" class=\"collapsible-content collapsible-content--all is-open\">\n<div class=\"collapsible-content__inner rte\">\n<p>Visi original\u016bs meno k\u016briniai parduodami galutinai. Ta\u010diau, jei turite koki\u0173 nors problem\u0173 d\u0117l u\u017esakymo, susisiekite su manimi <a href=\"mailto:info@violetakom.art\" target=\"_blank\" rel=\"noopener\">info@violetakom.art<\/a> per 2 darbo dienas nuo siuntos gavimo.<\/p>\n<p><button class=\"label collapsible-trigger collapsible-trigger-btn collapsible-trigger-btn--borders collapsible--auto-height is-open\" type=\"button\" aria-controls=\"Product-content-3e6c395c-2b00-41d3-b45c-72de68b7e9de7889762877659\" aria-expanded=\"true\">D\u0116MESIO<\/button><\/p>\n<div id=\"Product-content-3e6c395c-2b00-41d3-b45c-72de68b7e9de7889762877659\" class=\"collapsible-content collapsible-content--all is-open\">\n<div class=\"collapsible-content__inner rte\">\n<p>Visi paveikslai yra profesionaliai nufotografuoti. Ta\u010diau kiekviename monitoriuje spalvos rodomos skirtingai ir gali \u0161iek tiek skirtis nuo originalaus paveikslo.<\/p>\n<\/div>\n<\/div>\n<\/div>\n<\/div>\n<\/div>\n<\/div>\n<\/div>\n<\/div>\n<\/div>\n<\/div>","protected":false},"excerpt":{"rendered":"<p>&#8220;Message&#8221; 140\u00d770\u00d73.5cm | 55&#8243;\u00d728&#8243;\u00d71.4&#8243;<\/p>\n<p>Juodai baltas 3D akrilo paveikslas ant drob\u0117s, sukurtas meninink\u0117s Violeta Kom. \u0160is originalus meno k\u016brinys gim\u0117 mai\u0161ant skysto meno technikas ir papildytas juodais stiklo akmen\u0117liais, suteikian\u010diais jam ypatingo gylio ir i\u0161rai\u0161kingumo.<\/p>\n<p>Paveiksl\u0105 galima pasukti ir pakabinti bet kuria kryptimi, taip suteikiant daugiau galim\u0173 variant\u0173.<\/p>\n<p>Autor\u0117s ranka pasira\u0161yti ir datuoti.<\/p>\n<p>Pridedami autenti\u0161kumo sertifikatai<span tabindex=\"0\" role=\"tooltip\"><span class=\"povykd\" tabindex=\"0\" role=\"button\" data-enable-toggle-animation=\"true\" data-extra-container-classes=\"ZLo7Eb\" data-hover-hide-delay=\"1000\" data-hover-open-delay=\"500\" data-send-open-event=\"true\" data-theme=\"0\" data-width=\"250\" data-ved=\"2ahUKEwjc6IHgp9H7AhWlVqQEHZ33BDIQmpgGegQIJBAD\"><span class=\"JPfdse\" data-bubble-link=\"\" data-segment-text=\"certificate of authenticity\">.<\/span><\/span><\/span><\/p>\n<p>&nbsp;<\/p>\n<p>&nbsp;<\/p>\n<p>&nbsp;<\/p>\n<p>&nbsp;<\/p>","protected":false},"featured_media":3149,"comment_status":"open","ping_status":"closed","template":"","meta":{"site-sidebar-layout":"default","site-content-layout":"default","ast-site-content-layout":"default","site-content-style":"default","site-sidebar-style":"default","ast-global-header-display":"","ast-banner-title-visibility":"","ast-main-header-display":"","ast-hfb-above-header-display":"","ast-hfb-below-header-display":"","ast-hfb-mobile-header-display":"","site-post-title":"","ast-breadcrumbs-content":"","ast-featured-img":"","footer-sml-layout":"","theme-transparent-header-meta":"default","adv-header-id-meta":"","stick-header-meta":"","header-above-stick-meta":"","header-main-stick-meta":"","header-below-stick-meta":"","astra-migrate-meta-layouts":"set","ast-page-background-enabled":"default","ast-page-background-meta":{"desktop":{"background-color":"","background-image":"","background-repeat":"repeat","background-position":"center center","background-size":"auto","background-attachment":"scroll","background-type":"","background-media":"","overlay-type":"","overlay-color":"","overlay-opacity":"","overlay-gradient":""},"tablet":{"background-color":"","background-image":"","background-repeat":"repeat","background-position":"center center","background-size":"auto","background-attachment":"scroll","background-type":"","background-media":"","overlay-type":"","overlay-color":"","overlay-opacity":"","overlay-gradient":""},"mobile":{"background-color":"","background-image":"","background-repeat":"repeat","background-position":"center center","background-size":"auto","background-attachment":"scroll","background-type":"","background-media":"","overlay-type":"","overlay-color":"","overlay-opacity":"","overlay-gradient":""}},"ast-content-background-meta":{"desktop":{"background-color":"var(--ast-global-color-5)","background-image":"","background-repeat":"repeat","background-position":"center center","background-size":"auto","background-attachment":"scroll","background-type":"","background-media":"","overlay-type":"","overlay-color":"","overlay-opacity":"","overlay-gradient":""},"tablet":{"background-color":"var(--ast-global-color-5)","background-image":"","background-repeat":"repeat","background-position":"center center","background-size":"auto","background-attachment":"scroll","background-type":"","background-media":"","overlay-type":"","overlay-color":"","overlay-opacity":"","overlay-gradient":""},"mobile":{"background-color":"var(--ast-global-color-5)","background-image":"","background-repeat":"repeat","background-position":"center center","background-size":"auto","background-attachment":"scroll","background-type":"","background-media":"","overlay-type":"","overlay-color":"","overlay-opacity":"","overlay-gradient":""}}},"product_brand":[],"product_cat":[17],"product_tag":[159,166,153,163,155,151,164,154,160,152,158,156,165,161,157,162],"class_list":{"0":"post-3206","1":"product","2":"type-product","3":"status-publish","4":"has-post-thumbnail","6":"product_cat-oneofakind","7":"product_tag-abstract-expressionist-painting","8":"product_tag-acrylic-painting-on-canvas","9":"product_tag-black-and-white-abstract-art","10":"product_tag-bold-interior-wall-art","11":"product_tag-handmade-abstract-painting","12":"product_tag-large-abstract-wall-art","13":"product_tag-luxury-office-decor","14":"product_tag-luxury-statement-art","15":"product_tag-minimalist-home-decor","16":"product_tag-modern-acrylic-painting","17":"product_tag-monochrome-wall-decor","18":"product_tag-original-contemporary-art","19":"product_tag-oversized-canvas-painting","20":"product_tag-silver-accent-art","21":"product_tag-textured-canvas-art","22":"product_tag-unique-handmade-artwork","23":"desktop-align-center","24":"tablet-align-left","25":"mobile-align-left","27":"first","28":"instock","29":"sold-individually","30":"shipping-taxable","31":"purchasable","32":"product-type-simple"},"_links":{"self":[{"href":"https:\/\/shop.violetakom.art\/lt\/wp-json\/wp\/v2\/product\/3206","targetHints":{"allow":["GET"]}}],"collection":[{"href":"https:\/\/shop.violetakom.art\/lt\/wp-json\/wp\/v2\/product"}],"about":[{"href":"https:\/\/shop.violetakom.art\/lt\/wp-json\/wp\/v2\/types\/product"}],"replies":[{"embeddable":true,"href":"https:\/\/shop.violetakom.art\/lt\/wp-json\/wp\/v2\/comments?post=3206"}],"wp:featuredmedia":[{"embeddable":true,"href":"https:\/\/shop.violetakom.art\/lt\/wp-json\/wp\/v2\/media\/3149"}],"wp:attachment":[{"href":"https:\/\/shop.violetakom.art\/lt\/wp-json\/wp\/v2\/media?parent=3206"}],"wp:term":[{"taxonomy":"product_brand","embeddable":true,"href":"https:\/\/shop.violetakom.art\/lt\/wp-json\/wp\/v2\/product_brand?post=3206"},{"taxonomy":"product_cat","embeddable":true,"href":"https:\/\/shop.violetakom.art\/lt\/wp-json\/wp\/v2\/product_cat?post=3206"},{"taxonomy":"product_tag","embeddable":true,"href":"https:\/\/shop.violetakom.art\/lt\/wp-json\/wp\/v2\/product_tag?post=3206"}],"curies":[{"name":"wp","href":"https:\/\/api.w.org\/{rel}","templated":true}]}}