{"id":3133,"date":"2024-12-03T15:58:02","date_gmt":"2024-12-03T15:58:02","guid":{"rendered":"https:\/\/shop.violetakom.art\/?post_type=product&#038;p=3133"},"modified":"2025-11-15T10:18:39","modified_gmt":"2025-11-15T10:18:39","slug":"touch-of-earth","status":"publish","type":"product","link":"https:\/\/shop.violetakom.art\/lt\/produktas\/touch-of-earth\/","title":{"rendered":"Gamtos Prisilietimas"},"content":{"rendered":"<div id=\"Product-content-5335e7fe-3d72-4666-878b-d86cd8fc00767889762877659\" class=\"collapsible-content collapsible-content--all is-open\">\n<div class=\"collapsible-content__inner rte\"><\/div>\n<p>&nbsp;<\/p>\n<p style=\"text-align: center;\"><strong>\"Neutrali\u0173 spalv\u0173 kompozicija su persipynusiai \u017eemi\u0161kais atspalviais taps puiki puo\u0161mena bet kokiam interjerui. Medin\u0117s g\u0117l\u0117s \u012fsitaisiusios samanu pataluose atspindin\u010dios \u017eem\u0117s gro\u017e\u012f suteikia \u0161iam men k\u016briniui \u012fpating\u0105 \u017eaves\u012f.<\/strong><\/p>\n<p style=\"text-align: center;\"><strong> Nuostabi menin\u0117 dovana sau ar brangiam \u017emogui bet kuriai progai; \u012fkurtuv\u0117ms, Kal\u0117doms, motinos dienai, vestuv\u0117ms, gimtadienio ar i\u0161leistuvi\u0173 dovanai!\"<\/strong><strong>&#8221;<\/strong><\/p>\n<p><img fetchpriority=\"high\" decoding=\"async\" class=\"alignnone size-medium wp-image-2419 aligncenter\" src=\"https:\/\/shop.violetakom.art\/wp-content\/uploads\/2022\/11\/Violeta-Kom_black_low-res-300x200.png\" alt=\"\" width=\"300\" height=\"200\" srcset=\"https:\/\/shop.violetakom.art\/wp-content\/uploads\/2022\/11\/Violeta-Kom_black_low-res-300x200.png 300w, https:\/\/shop.violetakom.art\/wp-content\/uploads\/2022\/11\/Violeta-Kom_black_low-res-600x400.png 600w, https:\/\/shop.violetakom.art\/wp-content\/uploads\/2022\/11\/Violeta-Kom_black_low-res-1024x683.png 1024w, https:\/\/shop.violetakom.art\/wp-content\/uploads\/2022\/11\/Violeta-Kom_black_low-res-768x512.png 768w, https:\/\/shop.violetakom.art\/wp-content\/uploads\/2022\/11\/Violeta-Kom_black_low-res.png 1500w\" sizes=\"(max-width: 300px) 100vw, 300px\" \/><\/p>\n<p>&nbsp;<\/p>\n<div class=\"collapsible-content__inner rte\">\n<p style=\"text-align: left;\"><strong><button class=\"label collapsible-trigger collapsible-trigger-btn collapsible-trigger-btn--borders collapsible--auto-height is-open\" type=\"button\" aria-controls=\"Product-content-5335e7fe-3d72-4666-878b-d86cd8fc00767889762877659\" aria-expanded=\"true\">PRIEMON\u0116S<\/button><\/strong><\/p>\n<p style=\"text-align: left;\">Stabilizuotos samanos, mi\u0161ko turtai ir medin\u0117s g\u0117l\u0117s juodame fone. Paveikslas \u012fr\u0117mintas \u012f kokybi\u0161k\u0105 med\u017eio imitacijos plastikin\u012f r\u0117mel\u012f ir paruo\u0161tas kabinimui.<\/p>\n<p>Detal\u0117s padengiamos plonu UV lako sluoksniu.<\/p>\n<\/div>\n<div class=\"collapsible-content__inner rte\">\n<p><button class=\"label collapsible-trigger collapsible-trigger-btn collapsible-trigger-btn--borders collapsible--auto-height is-open\" type=\"button\" aria-controls=\"Product-content-tab7889762877659\" aria-expanded=\"true\">PRISTATYMAS<\/button><\/p>\n<div id=\"Product-content-tab7889762877659\" class=\"collapsible-content collapsible-content--all is-open\">\n<div class=\"collapsible-content__inner rte\">\n<p>\u0160is originalus meninis darbas bus supakuotas ir i\u0161si\u0173stas jums per 3 darbo dienas. Kai siuntinys bus i\u0161si\u0173stas, gausite siuntimo patvirtinim\u0105 ir sekimo informacij\u0105.<\/p>\n<p><button class=\"label collapsible-trigger collapsible-trigger-btn collapsible-trigger-btn--borders collapsible--auto-height is-open\" type=\"button\" aria-controls=\"Product-content-7d008943-f97b-4e40-8cad-41d3ee2c182e7889762877659\" aria-expanded=\"true\">INDIVIDUAL\u016aS U\u017dSAKYMAI<\/button><\/p>\n<div id=\"Product-content-7d008943-f97b-4e40-8cad-41d3ee2c182e7889762877659\" class=\"collapsible-content collapsible-content--all is-open\">\n<div class=\"collapsible-content__inner rte\">\n<p>Jei pageidaujate kitokio dyd\u017eio ar spalvos arba turite savo vizij\u0105! Pra\u0161ome eiti \u012f <a href=\"https:\/\/violetakom.art\/customart\/\" target=\"_blank\" rel=\"noopener\">Individual\u016bs U\u017esakymai<\/a> kur rasite daugiau informacijos, kaip prad\u0117ti \u0161\u012f proces\u0105 arba para\u0161ykite man e. lai\u0161k\u0105 info@violetakom.art<\/p>\n<p><button class=\"label collapsible-trigger collapsible-trigger-btn collapsible-trigger-btn--borders collapsible--auto-height is-open\" type=\"button\" aria-controls=\"Product-content-3e6c395c-2b00-41d3-b45c-72de68b7e9de7889762877659\" aria-expanded=\"true\">GR\u0104\u017dINIMO TAISYKL\u0116S<\/button><\/p>\n<div id=\"Product-content-3e6c395c-2b00-41d3-b45c-72de68b7e9de7889762877659\" class=\"collapsible-content collapsible-content--all is-open\">\n<div class=\"collapsible-content__inner rte\">\n<p>Visi original\u016bs meno k\u016briniai parduodami galutinai. Ta\u010diau, jei turite koki\u0173 nors problem\u0173 d\u0117l u\u017esakymo, susisiekite su manimi <a href=\"mailto:info@violetakom.art\" target=\"_blank\" rel=\"noopener\">info@violetakom.art<\/a> per 2 darbo dienas nuo siuntos gavimo.<\/p>\n<p><button class=\"label collapsible-trigger collapsible-trigger-btn collapsible-trigger-btn--borders collapsible--auto-height is-open\" type=\"button\" aria-controls=\"Product-content-3e6c395c-2b00-41d3-b45c-72de68b7e9de7889762877659\" aria-expanded=\"true\">D\u0116MESIO<\/button><\/p>\n<div id=\"Product-content-3e6c395c-2b00-41d3-b45c-72de68b7e9de7889762877659\" class=\"collapsible-content collapsible-content--all is-open\">\n<div class=\"collapsible-content__inner rte\">\n<p>Visi meno k\u016briniai yra profesionaliai nufotografuoti. Ta\u010diau kiekviename monitoriuje spalvos rodomos skirtingai ir gali \u0161iek tiek skirtis nuo originalo.<\/p>\n<\/div>\n<\/div>\n<\/div>\n<\/div>\n<\/div>\n<\/div>\n<\/div>\n<\/div>\n<\/div>\n<\/div>","protected":false},"excerpt":{"rendered":"<p>\u201cGAMTOS PRISILIETIMAS\u201d 32.5\u00d717\u00d73cm<\/p>\n<p>\u017demi\u0161kas meninink\u0117s Violetos Kom darbas. \u0160is originalus meno k\u016brinys sukurtas derinant nat\u016bralius ingredientus: sola medines g\u0117les, samanas, pu\u0161\u0173 konkor\u0117\u017eius...<\/p>\n<p><span style=\"font-weight: 400;\">Visos detal\u0117s \u012fkomponuotos naudojant autor\u0117s sukurt\u0105 \u201cKlijam Ne\u201d technik\u0105, kuri leid\u017eia sukurti vientis\u0105, tvirt\u0105 3D meno k\u016brin\u012f..<\/span><\/p>\n<p>Paveiksl\u0105 galima pasukti ir pakabinti bet kuria kryptimi, taip suteikiant daugiau galim\u0173 variant\u0173.<\/p>\n<p>Pridedama dovan\u0173 d\u0117\u017eut\u0117.<\/p>\n<p>&nbsp;<\/p>\n<p>&nbsp;<\/p>","protected":false},"featured_media":3139,"comment_status":"open","ping_status":"closed","template":"","meta":{"site-sidebar-layout":"default","site-content-layout":"default","ast-site-content-layout":"default","site-content-style":"default","site-sidebar-style":"default","ast-global-header-display":"","ast-banner-title-visibility":"","ast-main-header-display":"","ast-hfb-above-header-display":"","ast-hfb-below-header-display":"","ast-hfb-mobile-header-display":"","site-post-title":"","ast-breadcrumbs-content":"","ast-featured-img":"","footer-sml-layout":"","theme-transparent-header-meta":"default","adv-header-id-meta":"","stick-header-meta":"","header-above-stick-meta":"","header-main-stick-meta":"","header-below-stick-meta":"","astra-migrate-meta-layouts":"set","ast-page-background-enabled":"default","ast-page-background-meta":{"desktop":{"background-color":"","background-image":"","background-repeat":"repeat","background-position":"center center","background-size":"auto","background-attachment":"scroll","background-type":"","background-media":"","overlay-type":"","overlay-color":"","overlay-opacity":"","overlay-gradient":""},"tablet":{"background-color":"","background-image":"","background-repeat":"repeat","background-position":"center center","background-size":"auto","background-attachment":"scroll","background-type":"","background-media":"","overlay-type":"","overlay-color":"","overlay-opacity":"","overlay-gradient":""},"mobile":{"background-color":"","background-image":"","background-repeat":"repeat","background-position":"center center","background-size":"auto","background-attachment":"scroll","background-type":"","background-media":"","overlay-type":"","overlay-color":"","overlay-opacity":"","overlay-gradient":""}},"ast-content-background-meta":{"desktop":{"background-color":"var(--ast-global-color-5)","background-image":"","background-repeat":"repeat","background-position":"center center","background-size":"auto","background-attachment":"scroll","background-type":"","background-media":"","overlay-type":"","overlay-color":"","overlay-opacity":"","overlay-gradient":""},"tablet":{"background-color":"var(--ast-global-color-5)","background-image":"","background-repeat":"repeat","background-position":"center center","background-size":"auto","background-attachment":"scroll","background-type":"","background-media":"","overlay-type":"","overlay-color":"","overlay-opacity":"","overlay-gradient":""},"mobile":{"background-color":"var(--ast-global-color-5)","background-image":"","background-repeat":"repeat","background-position":"center center","background-size":"auto","background-attachment":"scroll","background-type":"","background-media":"","overlay-type":"","overlay-color":"","overlay-opacity":"","overlay-gradient":""}}},"product_brand":[],"product_cat":[25,119],"product_tag":[52,55,49,30,83,66,79,78,77,76,28,60,104,90,99,80,64,97,65,31,127,122,130,85,98,51,95,62,58,84,82,47,72,96,120,128,39,37,38,40,121,89,92,36,32,33,34,35,91,117,118,129,124,101,81,126,43,123,48,27,45,125,75,73,74,41,100,115],"class_list":{"0":"post-3133","1":"product","2":"type-product","3":"status-publish","4":"has-post-thumbnail","6":"product_cat-forest","7":"product_cat-gifts-interior-details","8":"product_tag-abstractart","9":"product_tag-abstractpainter","10":"product_tag-acrylicpaintingsoncanvas","11":"product_tag-acrylpaintings","12":"product_tag-artcollections","13":"product_tag-artdaily","14":"product_tag-artdeco","15":"product_tag-artforsale","16":"product_tag-artgalleries","17":"product_tag-artgallery","18":"product_tag-artist","19":"product_tag-artistes","20":"product_tag-artistoftheday","21":"product_tag-artistoninstagram","22":"product_tag-artlife","23":"product_tag-artpaintings","24":"product_tag-artstudio","25":"product_tag-artsy","26":"product_tag-artvideo","27":"product_tag-artwork","28":"product_tag-artworkwithsoloflowers","29":"product_tag-birthdaygift","30":"product_tag-christmasgift","31":"product_tag-commissioners","32":"product_tag-contemporaryart","33":"product_tag-contemporaryartists","34":"product_tag-coolart","35":"product_tag-creativeprocess","36":"product_tag-creatuvelife","37":"product_tag-customart","38":"product_tag-fineart","39":"product_tag-fluidart","40":"product_tag-fluidartist","41":"product_tag-funart","42":"product_tag-gift","43":"product_tag-graduationgift","44":"product_tag-homedecor","45":"product_tag-homeinspiration","46":"product_tag-homeinterior","47":"product_tag-homesweethome","48":"product_tag-housewarminggift","49":"product_tag-instaart","50":"product_tag-instapainting","51":"product_tag-interiordecor","52":"product_tag-interiordecorating","53":"product_tag-interiordesign","54":"product_tag-interiordesignideas","55":"product_tag-interiorstyling","56":"product_tag-intstagramartist","57":"product_tag-mossart","58":"product_tag-mosswallart","59":"product_tag-mothersdaygift","60":"product_tag-natureart","61":"product_tag-onlineart","62":"product_tag-originalpaintings","63":"product_tag-painting-withsoloflowers","64":"product_tag-paintingart","65":"product_tag-paintingforsale","66":"product_tag-paintingoftheday","67":"product_tag-paintingsforsale","68":"product_tag-paintingsoncanvas","69":"product_tag-solowoodenflowers","70":"product_tag-texturedacrylicpaintings","71":"product_tag-texturedart","72":"product_tag-texturedpaintings","73":"product_tag-violetakomart","74":"product_tag-visualart","75":"product_tag-wallart","76":"desktop-align-center","77":"tablet-align-left","78":"mobile-align-left","80":"first","81":"instock","82":"sold-individually","83":"shipping-taxable","84":"purchasable","85":"product-type-simple"},"_links":{"self":[{"href":"https:\/\/shop.violetakom.art\/lt\/wp-json\/wp\/v2\/product\/3133","targetHints":{"allow":["GET"]}}],"collection":[{"href":"https:\/\/shop.violetakom.art\/lt\/wp-json\/wp\/v2\/product"}],"about":[{"href":"https:\/\/shop.violetakom.art\/lt\/wp-json\/wp\/v2\/types\/product"}],"replies":[{"embeddable":true,"href":"https:\/\/shop.violetakom.art\/lt\/wp-json\/wp\/v2\/comments?post=3133"}],"wp:featuredmedia":[{"embeddable":true,"href":"https:\/\/shop.violetakom.art\/lt\/wp-json\/wp\/v2\/media\/3139"}],"wp:attachment":[{"href":"https:\/\/shop.violetakom.art\/lt\/wp-json\/wp\/v2\/media?parent=3133"}],"wp:term":[{"taxonomy":"product_brand","embeddable":true,"href":"https:\/\/shop.violetakom.art\/lt\/wp-json\/wp\/v2\/product_brand?post=3133"},{"taxonomy":"product_cat","embeddable":true,"href":"https:\/\/shop.violetakom.art\/lt\/wp-json\/wp\/v2\/product_cat?post=3133"},{"taxonomy":"product_tag","embeddable":true,"href":"https:\/\/shop.violetakom.art\/lt\/wp-json\/wp\/v2\/product_tag?post=3133"}],"curies":[{"name":"wp","href":"https:\/\/api.w.org\/{rel}","templated":true}]}}