{"id":2980,"date":"2024-10-22T14:26:04","date_gmt":"2024-10-22T14:26:04","guid":{"rendered":"https:\/\/shop.violetakom.art\/?post_type=product&#038;p=2980"},"modified":"2024-10-23T12:12:56","modified_gmt":"2024-10-23T12:12:56","slug":"colours-of-nature-1","status":"publish","type":"product","link":"https:\/\/shop.violetakom.art\/lt\/produktas\/colours-of-nature-1\/","title":{"rendered":"Gamtos Spalvos I"},"content":{"rendered":"<div id=\"Product-content-5335e7fe-3d72-4666-878b-d86cd8fc00767889762877659\" class=\"collapsible-content collapsible-content--all is-open\">\n<div class=\"collapsible-content__inner rte\"><\/div>\n<p>&nbsp;<\/p>\n<p style=\"text-align: center;\"><strong>Spalvos mane lyd\u0117jo vis\u0105 gyvenim\u0105, tiek profesionalioje sferoje, tiek ir mano kasdieniniame gyvenime. A\u0161 jau\u010diu jas, a\u0161 matau jas , o kartais net gird\u017eiu. Kiekviena spalva tai atskira istorija, tai nenusakoma energija kuri arba tyliai ni\u016bniuoja arba ver\u017eiasi lyg vulkanas.<\/strong><\/p>\n<p style=\"text-align: center;\"><strong><br \/>\n<\/strong><strong style=\"font-size: 16px;\">Gamta tai nei\u0161senkanti spalv\u0173 palet\u0117 kuri kei\u010diasi su kiekvienu met\u0173 laiku ir u\u017eburia savo gro\u017eiu. \u0160ie paveikslai \u012fkv\u0117pti jos sodri\u0173 prinokusi\u0173 spalv\u0173, tokios spalvos gamtai b\u016bdingos tada, kai ji prisisodrinusi ir pasiruo\u0161usi atiduoti savo energij\u0105.<\/strong><\/p>\n<p style=\"text-align: center;\">Pilnas apra\u0161ymas <a href=\"https:\/\/violetakom.art\/forest\/\" target=\"_blank\" rel=\"noopener\">Skaityti \u010cia<\/a><\/p>\n<p><img fetchpriority=\"high\" decoding=\"async\" class=\"alignnone size-medium wp-image-2419 aligncenter\" src=\"https:\/\/shop.violetakom.art\/wp-content\/uploads\/2022\/11\/Violeta-Kom_black_low-res-300x200.png\" alt=\"\" width=\"300\" height=\"200\" srcset=\"https:\/\/shop.violetakom.art\/wp-content\/uploads\/2022\/11\/Violeta-Kom_black_low-res-300x200.png 300w, https:\/\/shop.violetakom.art\/wp-content\/uploads\/2022\/11\/Violeta-Kom_black_low-res-600x400.png 600w, https:\/\/shop.violetakom.art\/wp-content\/uploads\/2022\/11\/Violeta-Kom_black_low-res-1024x683.png 1024w, https:\/\/shop.violetakom.art\/wp-content\/uploads\/2022\/11\/Violeta-Kom_black_low-res-768x512.png 768w, https:\/\/shop.violetakom.art\/wp-content\/uploads\/2022\/11\/Violeta-Kom_black_low-res.png 1500w\" sizes=\"(max-width: 300px) 100vw, 300px\" \/><\/p>\n<p>&nbsp;<\/p>\n<p><iframe title=\"&quot;Colours of Nature&quot;\" width=\"500\" height=\"281\" src=\"https:\/\/www.youtube.com\/embed\/71pJ90U556Y?feature=oembed\" frameborder=\"0\" allow=\"accelerometer; autoplay; clipboard-write; encrypted-media; gyroscope; picture-in-picture; web-share\" referrerpolicy=\"strict-origin-when-cross-origin\" allowfullscreen><\/iframe><\/p>\n<p>&nbsp;<\/p>\n<div class=\"collapsible-content__inner rte\">\n<p style=\"text-align: left;\"><strong><button class=\"label collapsible-trigger collapsible-trigger-btn collapsible-trigger-btn--borders collapsible--auto-height is-open\" type=\"button\" aria-controls=\"Product-content-5335e7fe-3d72-4666-878b-d86cd8fc00767889762877659\" aria-expanded=\"true\">PRIEMON\u0116S<\/button><\/strong><\/p>\n<p style=\"text-align: left;\">Akriliniai da\u017eai, stabilizuotos samanos ir konkor\u0117\u017eiai ant medin\u0117s panel\u0117s. Panel\u0117s gylis (\u0161ono storis) yra 2 cm. \u012er\u0117mintas rudais atspalviais da\u017eytame ir blizgiu laku padengtame mediniame r\u0117me.<\/p>\n<p style=\"text-align: left;\">\u0160is meno k\u016brinys padengtas plonu blizgaus UV lako sluoksniu. Pridedama kabinimo sistema, paveikslas paruo\u0161tas kabinti ant sienos.<\/p>\n<\/div>\n<div class=\"collapsible-content__inner rte\">\n<p><button class=\"label collapsible-trigger collapsible-trigger-btn collapsible-trigger-btn--borders collapsible--auto-height is-open\" type=\"button\" aria-controls=\"Product-content-tab7889762877659\" aria-expanded=\"true\">PRISTATYMAS<\/button><\/p>\n<div id=\"Product-content-tab7889762877659\" class=\"collapsible-content collapsible-content--all is-open\">\n<div class=\"collapsible-content__inner rte\">\n<p>\u0160is originalus meninis darbas bus supakuotas ir i\u0161si\u0173stas jums per 3 darbo dienas. Kai paveikslas bus i\u0161si\u0173stas, gausite siuntimo patvirtinim\u0105 ir sekimo informacij\u0105.<\/p>\n<p><button class=\"label collapsible-trigger collapsible-trigger-btn collapsible-trigger-btn--borders collapsible--auto-height is-open\" type=\"button\" aria-controls=\"Product-content-7d008943-f97b-4e40-8cad-41d3ee2c182e7889762877659\" aria-expanded=\"true\">INDIVIDUAL\u016aS U\u017dSAKYMAI<\/button><\/p>\n<div id=\"Product-content-7d008943-f97b-4e40-8cad-41d3ee2c182e7889762877659\" class=\"collapsible-content collapsible-content--all is-open\">\n<div class=\"collapsible-content__inner rte\">\n<p>Jei pageidaujate kitokio dyd\u017eio ar spalvos arba turite savo vizij\u0105! Pra\u0161ome eiti \u012f <a href=\"https:\/\/violetakom.art\/customart\/\" target=\"_blank\" rel=\"noopener\">Individual\u016bs U\u017esakymai<\/a> kur rasite daugiau informacijos, kaip prad\u0117ti \u0161\u012f proces\u0105 arba para\u0161ykite man e. lai\u0161k\u0105 info@violetakom.art<\/p>\n<p><button class=\"label collapsible-trigger collapsible-trigger-btn collapsible-trigger-btn--borders collapsible--auto-height is-open\" type=\"button\" aria-controls=\"Product-content-3e6c395c-2b00-41d3-b45c-72de68b7e9de7889762877659\" aria-expanded=\"true\">GR\u0104\u017dINIMO TAISYKL\u0116S<\/button><\/p>\n<div id=\"Product-content-3e6c395c-2b00-41d3-b45c-72de68b7e9de7889762877659\" class=\"collapsible-content collapsible-content--all is-open\">\n<div class=\"collapsible-content__inner rte\">\n<p>Visi original\u016bs meno k\u016briniai parduodami galutinai. Ta\u010diau, jei turite koki\u0173 nors problem\u0173 d\u0117l u\u017esakymo, susisiekite su manimi <a href=\"mailto:info@violetakom.art\" target=\"_blank\" rel=\"noopener\">info@violetakom.art<\/a> per 2 darbo dienas nuo siuntos gavimo.<\/p>\n<p><button class=\"label collapsible-trigger collapsible-trigger-btn collapsible-trigger-btn--borders collapsible--auto-height is-open\" type=\"button\" aria-controls=\"Product-content-3e6c395c-2b00-41d3-b45c-72de68b7e9de7889762877659\" aria-expanded=\"true\">D\u0116MESIO<\/button><\/p>\n<div id=\"Product-content-3e6c395c-2b00-41d3-b45c-72de68b7e9de7889762877659\" class=\"collapsible-content collapsible-content--all is-open\">\n<div class=\"collapsible-content__inner rte\">\n<p>Visi paveikslai yra profesionaliai nufotografuoti. Ta\u010diau kiekviename monitoriuje spalvos rodomos skirtingai ir gali \u0161iek tiek skirtis nuo originalaus paveikslo.<\/p>\n<\/div>\n<\/div>\n<\/div>\n<\/div>\n<\/div>\n<\/div>\n<\/div>\n<\/div>\n<\/div>\n<\/div>","protected":false},"excerpt":{"rendered":"<p>\u201cGamtos Spalvos I\u201d 30cm*30cm<\/p>\n<p>Spalvingas 3D meno k\u016brinys tapytas ant medin\u0117s panel\u0117s. Autorinis meninink\u0117s Violetos Kom darbas. \u0160is originalus paveikslas sukurtas mai\u0161ant skysto meno technikas ir papildytas nat\u016braliais ingredientais: samanomis ir konkor\u0117\u017eiais.<\/p>\n<p><span style=\"font-weight: 400;\">Visos detal\u0117s \u012fkomponuotos naudojant autor\u0117s sukurt\u0105 \u201cKlijam Ne\u201d technik\u0105, kuri leid\u017eia sukurti vientis\u0105, tvirt\u0105 3D meno k\u016brin\u012f..<\/span><\/p>\n<p>Paveiksl\u0105 galima pasukti ir pakabinti bet kuria kryptimi, taip suteikiant daugiau galim\u0173 variant\u0173.<\/p>\n<p>Autor\u0117s ranka pasira\u0161yti ir datuoti.<\/p>\n<p>Pridedami autenti\u0161kumo sertifikatai<span tabindex=\"0\" role=\"tooltip\"><span class=\"povykd\" tabindex=\"0\" role=\"button\" data-enable-toggle-animation=\"true\" data-extra-container-classes=\"ZLo7Eb\" data-hover-hide-delay=\"1000\" data-hover-open-delay=\"500\" data-send-open-event=\"true\" data-theme=\"0\" data-width=\"250\" data-ved=\"2ahUKEwjc6IHgp9H7AhWlVqQEHZ33BDIQmpgGegQIJBAD\"><span class=\"JPfdse\" data-bubble-link=\"\" data-segment-text=\"certificate of authenticity\">.<\/span><\/span><\/span><\/p>\n<p>&nbsp;<\/p>\n<p>&nbsp;<\/p>","protected":false},"featured_media":2990,"comment_status":"closed","ping_status":"closed","template":"","meta":{"site-sidebar-layout":"default","site-content-layout":"default","ast-site-content-layout":"default","site-content-style":"default","site-sidebar-style":"default","ast-global-header-display":"","ast-banner-title-visibility":"","ast-main-header-display":"","ast-hfb-above-header-display":"","ast-hfb-below-header-display":"","ast-hfb-mobile-header-display":"","site-post-title":"","ast-breadcrumbs-content":"","ast-featured-img":"","footer-sml-layout":"","theme-transparent-header-meta":"default","adv-header-id-meta":"","stick-header-meta":"","header-above-stick-meta":"","header-main-stick-meta":"","header-below-stick-meta":"","astra-migrate-meta-layouts":"set","ast-page-background-enabled":"default","ast-page-background-meta":{"desktop":{"background-color":"","background-image":"","background-repeat":"repeat","background-position":"center center","background-size":"auto","background-attachment":"scroll","background-type":"","background-media":"","overlay-type":"","overlay-color":"","overlay-opacity":"","overlay-gradient":""},"tablet":{"background-color":"","background-image":"","background-repeat":"repeat","background-position":"center center","background-size":"auto","background-attachment":"scroll","background-type":"","background-media":"","overlay-type":"","overlay-color":"","overlay-opacity":"","overlay-gradient":""},"mobile":{"background-color":"","background-image":"","background-repeat":"repeat","background-position":"center center","background-size":"auto","background-attachment":"scroll","background-type":"","background-media":"","overlay-type":"","overlay-color":"","overlay-opacity":"","overlay-gradient":""}},"ast-content-background-meta":{"desktop":{"background-color":"var(--ast-global-color-5)","background-image":"","background-repeat":"repeat","background-position":"center center","background-size":"auto","background-attachment":"scroll","background-type":"","background-media":"","overlay-type":"","overlay-color":"","overlay-opacity":"","overlay-gradient":""},"tablet":{"background-color":"var(--ast-global-color-5)","background-image":"","background-repeat":"repeat","background-position":"center center","background-size":"auto","background-attachment":"scroll","background-type":"","background-media":"","overlay-type":"","overlay-color":"","overlay-opacity":"","overlay-gradient":""},"mobile":{"background-color":"var(--ast-global-color-5)","background-image":"","background-repeat":"repeat","background-position":"center center","background-size":"auto","background-attachment":"scroll","background-type":"","background-media":"","overlay-type":"","overlay-color":"","overlay-opacity":"","overlay-gradient":""}}},"product_brand":[],"product_cat":[16,25],"product_tag":[54,52,53,55,69,29,102,56,70,50,49,67,68,30,61,63,83,57,66,59,79,88,78,77,76,28,60,104,90,99,80,64,97,65,31,85,98,51,62,58,84,82,47,72,96,39,37,38,40,89,92,36,32,33,34,35,91,117,118,93,94,101,81,42,46,44,43,48,27,45,71,75,73,74,41,100],"class_list":{"0":"post-2980","1":"product","2":"type-product","3":"status-publish","4":"has-post-thumbnail","6":"product_cat-new","7":"product_cat-forest","8":"product_tag-abstract_art","9":"product_tag-abstractart","10":"product_tag-abstractartists","11":"product_tag-abstractpainter","12":"product_tag-abstractpaintings","13":"product_tag-acryl","14":"product_tag-acrylicart","15":"product_tag-acryliconcanvas","16":"product_tag-acrylicpaint","17":"product_tag-acrylicpaintings","18":"product_tag-acrylicpaintingsoncanvas","19":"product_tag-acrylicpouring","20":"product_tag-acrylicpouringart","21":"product_tag-acrylpaintings","22":"product_tag-art","23":"product_tag-art_dailydose","24":"product_tag-artcollections","25":"product_tag-artcollector","26":"product_tag-artdaily","27":"product_tag-artdealers","28":"product_tag-artdeco","29":"product_tag-artfestival","30":"product_tag-artforsale","31":"product_tag-artgalleries","32":"product_tag-artgallery","33":"product_tag-artist","34":"product_tag-artistes","35":"product_tag-artistoftheday","36":"product_tag-artistoninstagram","37":"product_tag-artlife","38":"product_tag-artpaintings","39":"product_tag-artstudio","40":"product_tag-artsy","41":"product_tag-artvideo","42":"product_tag-artwork","43":"product_tag-commissioners","44":"product_tag-contemporaryart","45":"product_tag-contemporaryartists","46":"product_tag-creativeprocess","47":"product_tag-creatuvelife","48":"product_tag-customart","49":"product_tag-fineart","50":"product_tag-fluidart","51":"product_tag-fluidartist","52":"product_tag-funart","53":"product_tag-homedecor","54":"product_tag-homeinspiration","55":"product_tag-homeinterior","56":"product_tag-homesweethome","57":"product_tag-instaart","58":"product_tag-instapainting","59":"product_tag-interiordecor","60":"product_tag-interiordecorating","61":"product_tag-interiordesign","62":"product_tag-interiordesignideas","63":"product_tag-interiorstyling","64":"product_tag-intstagramartist","65":"product_tag-mossart","66":"product_tag-mosswallart","67":"product_tag-myart","68":"product_tag-myartwork","69":"product_tag-onlineart","70":"product_tag-originalpaintings","71":"product_tag-paint","72":"product_tag-painter","73":"product_tag-paintersofinstagram","74":"product_tag-paintingart","75":"product_tag-paintingoftheday","76":"product_tag-paintingsforsale","77":"product_tag-paintingsoncanvas","78":"product_tag-pouringart","79":"product_tag-texturedacrylicpaintings","80":"product_tag-texturedart","81":"product_tag-texturedpaintings","82":"product_tag-violetakomart","83":"product_tag-visualart","84":"desktop-align-center","85":"tablet-align-left","86":"mobile-align-left","88":"first","89":"instock","90":"sold-individually","91":"shipping-taxable","92":"purchasable","93":"product-type-simple"},"_links":{"self":[{"href":"https:\/\/shop.violetakom.art\/lt\/wp-json\/wp\/v2\/product\/2980","targetHints":{"allow":["GET"]}}],"collection":[{"href":"https:\/\/shop.violetakom.art\/lt\/wp-json\/wp\/v2\/product"}],"about":[{"href":"https:\/\/shop.violetakom.art\/lt\/wp-json\/wp\/v2\/types\/product"}],"replies":[{"embeddable":true,"href":"https:\/\/shop.violetakom.art\/lt\/wp-json\/wp\/v2\/comments?post=2980"}],"wp:featuredmedia":[{"embeddable":true,"href":"https:\/\/shop.violetakom.art\/lt\/wp-json\/wp\/v2\/media\/2990"}],"wp:attachment":[{"href":"https:\/\/shop.violetakom.art\/lt\/wp-json\/wp\/v2\/media?parent=2980"}],"wp:term":[{"taxonomy":"product_brand","embeddable":true,"href":"https:\/\/shop.violetakom.art\/lt\/wp-json\/wp\/v2\/product_brand?post=2980"},{"taxonomy":"product_cat","embeddable":true,"href":"https:\/\/shop.violetakom.art\/lt\/wp-json\/wp\/v2\/product_cat?post=2980"},{"taxonomy":"product_tag","embeddable":true,"href":"https:\/\/shop.violetakom.art\/lt\/wp-json\/wp\/v2\/product_tag?post=2980"}],"curies":[{"name":"wp","href":"https:\/\/api.w.org\/{rel}","templated":true}]}}