{"id":2956,"date":"2024-10-14T15:00:53","date_gmt":"2024-10-14T15:00:53","guid":{"rendered":"https:\/\/shop.violetakom.art\/?post_type=product&#038;p=2956"},"modified":"2025-11-15T10:18:59","modified_gmt":"2025-11-15T10:18:59","slug":"blossomsoftheforest","status":"publish","type":"product","link":"https:\/\/shop.violetakom.art\/lt\/produktas\/blossomsoftheforest\/","title":{"rendered":"Mi\u0161ko \u017diedai"},"content":{"rendered":"<div id=\"Product-content-5335e7fe-3d72-4666-878b-d86cd8fc00767889762877659\" class=\"collapsible-content collapsible-content--all is-open\">\n<div class=\"collapsible-content__inner rte\"><\/div>\n<p>&nbsp;<\/p>\n<p style=\"text-align: center;\"><strong>\"Tik \u012fsivaizduokite, kad konkor\u0117\u017eiai yra pu\u0161\u0173 ir egli\u0173 \u017eiedai. Kaip tai gra\u017eu! \u017dydin\u010diai mi\u0161kai pilni j\u0173 aromato. \u017dali pavasar\u012f, rudi vasar\u0105 ir sniego baltumo \u017eiem\u0105. <\/strong><\/p>\n<p style=\"text-align: center;\"><strong>\u0160is meno k\u016brinys - tai gamtos dalel\u0117 su keliais mi\u0161ko \u017eiedais ir gelsvomis samanomis. \u0160iam paveikslui samanos gali b\u016bti si\u016blomos \u012fvairi\u0173 spalv\u0173, pavyzd\u017eiui: mojito \u017ealia, saman\u0173 \u017ealia, \u0161viesiai \u017ealia, ruda, aperolio oran\u017ein\u0117, bordo, arba gali b\u016bti nuspalvintos individualiai, kad der\u0117t\u0173 prie j\u016bs\u0173 interjero.<\/strong><\/p>\n<p style=\"text-align: center;\"><strong> Visos mi\u0161ko g\u0117rybes i\u0161 Lietuvos mi\u0161k\u0173, surinktos, dezinfekuotos ir stabilizuotos ilgam gyvenimui.\"<\/strong><\/p>\n<p style=\"text-align: center;\">Pilnas apra\u0161ymas <a href=\"https:\/\/violetakom.art\/forest\/\" target=\"_blank\" rel=\"noopener\">Skaityti \u010cia<\/a><\/p>\n<p><img fetchpriority=\"high\" decoding=\"async\" class=\"alignnone size-medium wp-image-2419 aligncenter\" src=\"https:\/\/shop.violetakom.art\/wp-content\/uploads\/2022\/11\/Violeta-Kom_black_low-res-300x200.png\" alt=\"\" width=\"300\" height=\"200\" srcset=\"https:\/\/shop.violetakom.art\/wp-content\/uploads\/2022\/11\/Violeta-Kom_black_low-res-300x200.png 300w, https:\/\/shop.violetakom.art\/wp-content\/uploads\/2022\/11\/Violeta-Kom_black_low-res-600x400.png 600w, https:\/\/shop.violetakom.art\/wp-content\/uploads\/2022\/11\/Violeta-Kom_black_low-res-1024x683.png 1024w, https:\/\/shop.violetakom.art\/wp-content\/uploads\/2022\/11\/Violeta-Kom_black_low-res-768x512.png 768w, https:\/\/shop.violetakom.art\/wp-content\/uploads\/2022\/11\/Violeta-Kom_black_low-res.png 1500w\" sizes=\"(max-width: 300px) 100vw, 300px\" \/><\/p>\n<p>&nbsp;<\/p>\n<p><iframe title=\"&quot;Blossoms of the Forest&quot;\" width=\"500\" height=\"281\" src=\"https:\/\/www.youtube.com\/embed\/OgUZhkgEd6A?feature=oembed\" frameborder=\"0\" allow=\"accelerometer; autoplay; clipboard-write; encrypted-media; gyroscope; picture-in-picture; web-share\" referrerpolicy=\"strict-origin-when-cross-origin\" allowfullscreen><\/iframe><\/p>\n<p>&nbsp;<\/p>\n<div class=\"collapsible-content__inner rte\">\n<p style=\"text-align: left;\"><strong><button class=\"label collapsible-trigger collapsible-trigger-btn collapsible-trigger-btn--borders collapsible--auto-height is-open\" type=\"button\" aria-controls=\"Product-content-5335e7fe-3d72-4666-878b-d86cd8fc00767889762877659\" aria-expanded=\"true\">PRIEMON\u0116S<\/button><\/strong><\/p>\n<p style=\"text-align: left;\">Akriliniai da\u017eai ant medin\u0117s panel\u0117s. Panel\u0117s gylis (\u0161ono storis) yra 2 cm. \u0160onai nutapyti, tod\u0117l paveikslas paruo\u0161tas kabinti, \u012fr\u0117minti neb\u016btina.<\/p>\n<p>\u0160is meno k\u016brinys padengtas plonu blizgaus UV lako sluoksniu. Pridedama kabinimo sistema, paveikslas paruo\u0161tas kabinti ant sienos.<\/p>\n<\/div>\n<div class=\"collapsible-content__inner rte\">\n<p><button class=\"label collapsible-trigger collapsible-trigger-btn collapsible-trigger-btn--borders collapsible--auto-height is-open\" type=\"button\" aria-controls=\"Product-content-tab7889762877659\" aria-expanded=\"true\">PRISTATYMAS<\/button><\/p>\n<div id=\"Product-content-tab7889762877659\" class=\"collapsible-content collapsible-content--all is-open\">\n<div class=\"collapsible-content__inner rte\">\n<p>\u0160is originalus paveikslas bus supakuotas ir i\u0161si\u0173stas jums per 3 darbo dienas. Kai paveikslas bus i\u0161si\u0173stas, gausite siuntimo patvirtinim\u0105 ir sekimo informacij\u0105.<\/p>\n<p><button class=\"label collapsible-trigger collapsible-trigger-btn collapsible-trigger-btn--borders collapsible--auto-height is-open\" type=\"button\" aria-controls=\"Product-content-7d008943-f97b-4e40-8cad-41d3ee2c182e7889762877659\" aria-expanded=\"true\">INDIVIDUAL\u016aS U\u017dSAKYMAI<\/button><\/p>\n<div id=\"Product-content-7d008943-f97b-4e40-8cad-41d3ee2c182e7889762877659\" class=\"collapsible-content collapsible-content--all is-open\">\n<div class=\"collapsible-content__inner rte\">\n<p>Jei pageidaujate kitokio dyd\u017eio ar spalvos arba turite savo vizij\u0105! Pra\u0161ome eiti \u012f <a href=\"https:\/\/violetakom.art\/customart\/\" target=\"_blank\" rel=\"noopener\">Individual\u016bs U\u017esakymai<\/a> kur rasite daugiau informacijos, kaip prad\u0117ti \u0161\u012f proces\u0105 arba para\u0161ykite man e. lai\u0161k\u0105 info@violetakom.art<\/p>\n<p><button class=\"label collapsible-trigger collapsible-trigger-btn collapsible-trigger-btn--borders collapsible--auto-height is-open\" type=\"button\" aria-controls=\"Product-content-3e6c395c-2b00-41d3-b45c-72de68b7e9de7889762877659\" aria-expanded=\"true\">GR\u0104\u017dINIMO TAISYKL\u0116S<\/button><\/p>\n<div id=\"Product-content-3e6c395c-2b00-41d3-b45c-72de68b7e9de7889762877659\" class=\"collapsible-content collapsible-content--all is-open\">\n<div class=\"collapsible-content__inner rte\">\n<p>Visi original\u016bs meno k\u016briniai parduodami galutinai. Ta\u010diau, jei turite koki\u0173 nors problem\u0173 d\u0117l u\u017esakymo, susisiekite su manimi <a href=\"mailto:info@violetakom.art\" target=\"_blank\" rel=\"noopener\">info@violetakom.art<\/a> per 2 darbo dienas nuo siuntos gavimo.<\/p>\n<p><button class=\"label collapsible-trigger collapsible-trigger-btn collapsible-trigger-btn--borders collapsible--auto-height is-open\" type=\"button\" aria-controls=\"Product-content-3e6c395c-2b00-41d3-b45c-72de68b7e9de7889762877659\" aria-expanded=\"true\">D\u0116MESIO<\/button><\/p>\n<div id=\"Product-content-3e6c395c-2b00-41d3-b45c-72de68b7e9de7889762877659\" class=\"collapsible-content collapsible-content--all is-open\">\n<div class=\"collapsible-content__inner rte\">\n<p>Visi paveikslai yra profesionaliai nufotografuoti. Ta\u010diau kiekviename monitoriuje spalvos rodomos skirtingai ir gali \u0161iek tiek skirtis nuo originalaus paveikslo.<\/p>\n<\/div>\n<\/div>\n<\/div>\n<\/div>\n<\/div>\n<\/div>\n<\/div>\n<\/div>\n<\/div>\n<\/div>","protected":false},"excerpt":{"rendered":"<p>\u201cMI\u0160KO \u017dIEDAI\u201d 30cm<\/p>\n<p>Reljefinis 3D meno k\u016brinys tapytas ant medin\u0117s panel\u0117s. Autorinis meninink\u0117s Violetos Kom darbas. \u0160is originalus paveikslas sukurtas mai\u0161ant skysto meno technikas ir papildytas nat\u016braliais ingredientais: samanomis, konkor\u0117\u017eiais, to\u0161imi...<\/p>\n<p><span style=\"font-weight: 400;\">Visos detal\u0117s \u012fkomponuotos naudojant autor\u0117s sukurt\u0105 \u201cKlijam Ne\u201d technik\u0105, kuri leid\u017eia sukurti vientis\u0105, tvirt\u0105 3D meno k\u016brin\u012f..<\/span><\/p>\n<p>Paveiksl\u0105 galima pasukti ir pakabinti bet kuria kryptimi, taip suteikiant daugiau galim\u0173 variant\u0173.<\/p>\n<p>Autor\u0117s ranka pasira\u0161yti ir datuoti.<\/p>\n<p>Pridedami autenti\u0161kumo sertifikatai<span tabindex=\"0\" role=\"tooltip\"><span class=\"povykd\" tabindex=\"0\" role=\"button\" data-enable-toggle-animation=\"true\" data-extra-container-classes=\"ZLo7Eb\" data-hover-hide-delay=\"1000\" data-hover-open-delay=\"500\" data-send-open-event=\"true\" data-theme=\"0\" data-width=\"250\" data-ved=\"2ahUKEwjc6IHgp9H7AhWlVqQEHZ33BDIQmpgGegQIJBAD\"><span class=\"JPfdse\" data-bubble-link=\"\" data-segment-text=\"certificate of authenticity\">.<\/span><\/span><\/span><\/p>\n<p>&nbsp;<\/p>\n<p>&nbsp;<\/p>","protected":false},"featured_media":2963,"comment_status":"closed","ping_status":"closed","template":"","meta":{"site-sidebar-layout":"default","site-content-layout":"default","ast-site-content-layout":"default","site-content-style":"default","site-sidebar-style":"default","ast-global-header-display":"","ast-banner-title-visibility":"","ast-main-header-display":"","ast-hfb-above-header-display":"","ast-hfb-below-header-display":"","ast-hfb-mobile-header-display":"","site-post-title":"","ast-breadcrumbs-content":"","ast-featured-img":"","footer-sml-layout":"","theme-transparent-header-meta":"default","adv-header-id-meta":"","stick-header-meta":"","header-above-stick-meta":"","header-main-stick-meta":"","header-below-stick-meta":"","astra-migrate-meta-layouts":"set","ast-page-background-enabled":"default","ast-page-background-meta":{"desktop":{"background-color":"","background-image":"","background-repeat":"repeat","background-position":"center center","background-size":"auto","background-attachment":"scroll","background-type":"","background-media":"","overlay-type":"","overlay-color":"","overlay-opacity":"","overlay-gradient":""},"tablet":{"background-color":"","background-image":"","background-repeat":"repeat","background-position":"center center","background-size":"auto","background-attachment":"scroll","background-type":"","background-media":"","overlay-type":"","overlay-color":"","overlay-opacity":"","overlay-gradient":""},"mobile":{"background-color":"","background-image":"","background-repeat":"repeat","background-position":"center center","background-size":"auto","background-attachment":"scroll","background-type":"","background-media":"","overlay-type":"","overlay-color":"","overlay-opacity":"","overlay-gradient":""}},"ast-content-background-meta":{"desktop":{"background-color":"var(--ast-global-color-5)","background-image":"","background-repeat":"repeat","background-position":"center center","background-size":"auto","background-attachment":"scroll","background-type":"","background-media":"","overlay-type":"","overlay-color":"","overlay-opacity":"","overlay-gradient":""},"tablet":{"background-color":"var(--ast-global-color-5)","background-image":"","background-repeat":"repeat","background-position":"center center","background-size":"auto","background-attachment":"scroll","background-type":"","background-media":"","overlay-type":"","overlay-color":"","overlay-opacity":"","overlay-gradient":""},"mobile":{"background-color":"var(--ast-global-color-5)","background-image":"","background-repeat":"repeat","background-position":"center center","background-size":"auto","background-attachment":"scroll","background-type":"","background-media":"","overlay-type":"","overlay-color":"","overlay-opacity":"","overlay-gradient":""}}},"product_brand":[],"product_cat":[25],"product_tag":[54,52,53,55,69,29,102,56,70,50,49,67,68,30,61,63,83,57,66,59,79,88,78,77,76,28,60,104,90,99,80,64,97,65,31,85,98,51,95,62,58,84,82,47,72,96,39,37,38,40,89,92,36,32,33,34,35,91,93,94,101,81,42,46,44,43,48,27,45,71,75,73,74,41,100],"class_list":{"0":"post-2956","1":"product","2":"type-product","3":"status-publish","4":"has-post-thumbnail","6":"product_cat-forest","7":"product_tag-abstract_art","8":"product_tag-abstractart","9":"product_tag-abstractartists","10":"product_tag-abstractpainter","11":"product_tag-abstractpaintings","12":"product_tag-acryl","13":"product_tag-acrylicart","14":"product_tag-acryliconcanvas","15":"product_tag-acrylicpaint","16":"product_tag-acrylicpaintings","17":"product_tag-acrylicpaintingsoncanvas","18":"product_tag-acrylicpouring","19":"product_tag-acrylicpouringart","20":"product_tag-acrylpaintings","21":"product_tag-art","22":"product_tag-art_dailydose","23":"product_tag-artcollections","24":"product_tag-artcollector","25":"product_tag-artdaily","26":"product_tag-artdealers","27":"product_tag-artdeco","28":"product_tag-artfestival","29":"product_tag-artforsale","30":"product_tag-artgalleries","31":"product_tag-artgallery","32":"product_tag-artist","33":"product_tag-artistes","34":"product_tag-artistoftheday","35":"product_tag-artistoninstagram","36":"product_tag-artlife","37":"product_tag-artpaintings","38":"product_tag-artstudio","39":"product_tag-artsy","40":"product_tag-artvideo","41":"product_tag-artwork","42":"product_tag-commissioners","43":"product_tag-contemporaryart","44":"product_tag-contemporaryartists","45":"product_tag-coolart","46":"product_tag-creativeprocess","47":"product_tag-creatuvelife","48":"product_tag-customart","49":"product_tag-fineart","50":"product_tag-fluidart","51":"product_tag-fluidartist","52":"product_tag-funart","53":"product_tag-homedecor","54":"product_tag-homeinspiration","55":"product_tag-homeinterior","56":"product_tag-homesweethome","57":"product_tag-instaart","58":"product_tag-instapainting","59":"product_tag-interiordecor","60":"product_tag-interiordecorating","61":"product_tag-interiordesign","62":"product_tag-interiordesignideas","63":"product_tag-interiorstyling","64":"product_tag-intstagramartist","65":"product_tag-myart","66":"product_tag-myartwork","67":"product_tag-onlineart","68":"product_tag-originalpaintings","69":"product_tag-paint","70":"product_tag-painter","71":"product_tag-paintersofinstagram","72":"product_tag-paintingart","73":"product_tag-paintingoftheday","74":"product_tag-paintingsforsale","75":"product_tag-paintingsoncanvas","76":"product_tag-pouringart","77":"product_tag-texturedacrylicpaintings","78":"product_tag-texturedart","79":"product_tag-texturedpaintings","80":"product_tag-violetakomart","81":"product_tag-visualart","82":"desktop-align-center","83":"tablet-align-left","84":"mobile-align-left","86":"first","87":"instock","88":"sold-individually","89":"shipping-taxable","90":"purchasable","91":"product-type-simple"},"_links":{"self":[{"href":"https:\/\/shop.violetakom.art\/lt\/wp-json\/wp\/v2\/product\/2956","targetHints":{"allow":["GET"]}}],"collection":[{"href":"https:\/\/shop.violetakom.art\/lt\/wp-json\/wp\/v2\/product"}],"about":[{"href":"https:\/\/shop.violetakom.art\/lt\/wp-json\/wp\/v2\/types\/product"}],"replies":[{"embeddable":true,"href":"https:\/\/shop.violetakom.art\/lt\/wp-json\/wp\/v2\/comments?post=2956"}],"wp:featuredmedia":[{"embeddable":true,"href":"https:\/\/shop.violetakom.art\/lt\/wp-json\/wp\/v2\/media\/2963"}],"wp:attachment":[{"href":"https:\/\/shop.violetakom.art\/lt\/wp-json\/wp\/v2\/media?parent=2956"}],"wp:term":[{"taxonomy":"product_brand","embeddable":true,"href":"https:\/\/shop.violetakom.art\/lt\/wp-json\/wp\/v2\/product_brand?post=2956"},{"taxonomy":"product_cat","embeddable":true,"href":"https:\/\/shop.violetakom.art\/lt\/wp-json\/wp\/v2\/product_cat?post=2956"},{"taxonomy":"product_tag","embeddable":true,"href":"https:\/\/shop.violetakom.art\/lt\/wp-json\/wp\/v2\/product_tag?post=2956"}],"curies":[{"name":"wp","href":"https:\/\/api.w.org\/{rel}","templated":true}]}}