{"id":2690,"date":"2022-11-29T16:11:14","date_gmt":"2022-11-29T16:11:14","guid":{"rendered":"https:\/\/shop.violetakom.art\/?post_type=product&#038;p=2690"},"modified":"2025-11-17T11:49:05","modified_gmt":"2025-11-17T11:49:05","slug":"the-lagoon","status":"publish","type":"product","link":"https:\/\/shop.violetakom.art\/lt\/produktas\/the-lagoon\/","title":{"rendered":"Lag\u016bna"},"content":{"rendered":"<div id=\"Product-content-5335e7fe-3d72-4666-878b-d86cd8fc00767889762877659\" class=\"collapsible-content collapsible-content--all is-open\">\n<div class=\"collapsible-content__inner rte\"><\/div>\n<p style=\"text-align: center;\"><b>\"Ne\u012ftik\u0117tinas m\u0117lynai \u017ealias paveikslas puikiai papildyt\u0173 bet kok\u012f modern\u0173 ar \u0161iuolaiki\u0161k\u0105 interjer\u0105. \u0160is meno k\u016brinys neabejotinai suteiks j\u016bs\u0173 namams ar biurui spalv\u0173, charakterio ir \u0161iek tiek gamtos u\u017euomin\u0173.<\/b><\/p>\n<p style=\"text-align: center;\"><strong>Mane visada \u017eavi gamta, ypa\u010d ne\u012ftik\u0117tina vandens galia: vandenynai, j\u016bros, e\u017eerai... Visi jie turi ka\u017ek\u0105 bendro, pavyzd\u017eiui, ramyb\u0119, bet kartu kiekvienas i\u0161 j\u0173 gali suteikti visi\u0161kai skirtingus jausmus ir i\u0161gyvenimus. Jei paklaustum\u0117te man\u0119s, kaip vienu \u017eod\u017eiu apib\u016bdin\u010diau Lag\u016bn\u0105, tai b\u016bt\u0173 D\u017eiaugsmas.<\/strong><\/p>\n<p style=\"text-align: center;\"><strong>Nor\u0117\u010diau manyti, kad \u0161is mano meno k\u016brinys j\u016bs\u0173 namams, sielai ir akims suteiks D\u017eiaugsmo jausm\u0105.<\/strong><strong>&#8221;<\/strong><\/p>\n<p><img fetchpriority=\"high\" decoding=\"async\" class=\"alignnone size-medium wp-image-2419 aligncenter\" src=\"https:\/\/shop.violetakom.art\/wp-content\/uploads\/2022\/11\/Violeta-Kom_black_low-res-300x200.png\" alt=\"\" width=\"300\" height=\"200\" srcset=\"https:\/\/shop.violetakom.art\/wp-content\/uploads\/2022\/11\/Violeta-Kom_black_low-res-300x200.png 300w, https:\/\/shop.violetakom.art\/wp-content\/uploads\/2022\/11\/Violeta-Kom_black_low-res-600x400.png 600w, https:\/\/shop.violetakom.art\/wp-content\/uploads\/2022\/11\/Violeta-Kom_black_low-res-1024x683.png 1024w, https:\/\/shop.violetakom.art\/wp-content\/uploads\/2022\/11\/Violeta-Kom_black_low-res-768x512.png 768w, https:\/\/shop.violetakom.art\/wp-content\/uploads\/2022\/11\/Violeta-Kom_black_low-res.png 1500w\" sizes=\"(max-width: 300px) 100vw, 300px\" \/><\/p>\n<p>&nbsp;<\/p>\n<p><iframe title=\"Lag\u016bna\" width=\"500\" height=\"281\" src=\"https:\/\/www.youtube.com\/embed\/5jjagM0NirA?feature=oembed\" frameborder=\"0\" allow=\"accelerometer; autoplay; clipboard-write; encrypted-media; gyroscope; picture-in-picture; web-share\" referrerpolicy=\"strict-origin-when-cross-origin\" allowfullscreen><\/iframe><\/p>\n<p>&nbsp;<\/p>\n<div class=\"collapsible-content__inner rte\">\n<p style=\"text-align: left;\"><strong><button class=\"label collapsible-trigger collapsible-trigger-btn collapsible-trigger-btn--borders collapsible--auto-height is-open\" type=\"button\" aria-controls=\"Product-content-5335e7fe-3d72-4666-878b-d86cd8fc00767889762877659\" aria-expanded=\"true\">PRIEMON\u0116S<\/button><\/strong><\/p>\n<p style=\"text-align: left;\">Akriliniai da\u017eai ant auk\u0161tos kokyb\u0117s drob\u0117s. Drob\u0117s gylis (\u0161ono storis) yra 3,5 cm. \u0160onai nutapyti, tod\u0117l paveikslas paruo\u0161tas kabinti, \u012fr\u0117minti neb\u016btina.<\/p>\n<p>\u0160is meno k\u016brinys padengtas plonu blizgaus UV lako sluoksniu. Pridedama kabinimo sistema, paveikslas paruo\u0161tas kabinti ant sienos.<\/p>\n<\/div>\n<div class=\"collapsible-content__inner rte\">\n<p><button class=\"label collapsible-trigger collapsible-trigger-btn collapsible-trigger-btn--borders collapsible--auto-height is-open\" type=\"button\" aria-controls=\"Product-content-tab7889762877659\" aria-expanded=\"true\">PRISTATYMAS<\/button><\/p>\n<div id=\"Product-content-tab7889762877659\" class=\"collapsible-content collapsible-content--all is-open\">\n<div class=\"collapsible-content__inner rte\">\n<p>\u0160is originalus paveikslas bus supakuotas ir i\u0161si\u0173stas jums per 3 darbo dienas. Kai paveikslas bus i\u0161si\u0173stas, gausite siuntimo patvirtinim\u0105 ir sekimo informacij\u0105.<\/p>\n<p><button class=\"label collapsible-trigger collapsible-trigger-btn collapsible-trigger-btn--borders collapsible--auto-height is-open\" type=\"button\" aria-controls=\"Product-content-7d008943-f97b-4e40-8cad-41d3ee2c182e7889762877659\" aria-expanded=\"true\">INDIVIDUAL\u016aS U\u017dSAKYMAI<\/button><\/p>\n<div id=\"Product-content-7d008943-f97b-4e40-8cad-41d3ee2c182e7889762877659\" class=\"collapsible-content collapsible-content--all is-open\">\n<div class=\"collapsible-content__inner rte\">\n<p>Jei pageidaujate kitokio dyd\u017eio ar spalvos arba turite savo vizij\u0105! Pra\u0161ome eiti \u012f <a href=\"https:\/\/violetakom.art\/customart\/\" target=\"_blank\" rel=\"noopener\">Individual\u016bs U\u017esakymai<\/a> kur rasite daugiau informacijos, kaip prad\u0117ti \u0161\u012f proces\u0105.<\/p>\n<p><button class=\"label collapsible-trigger collapsible-trigger-btn collapsible-trigger-btn--borders collapsible--auto-height is-open\" type=\"button\" aria-controls=\"Product-content-3e6c395c-2b00-41d3-b45c-72de68b7e9de7889762877659\" aria-expanded=\"true\">GR\u0104\u017dINIMO TAISYKL\u0116S<\/button><\/p>\n<div id=\"Product-content-3e6c395c-2b00-41d3-b45c-72de68b7e9de7889762877659\" class=\"collapsible-content collapsible-content--all is-open\">\n<div class=\"collapsible-content__inner rte\">\n<p>Visi original\u016bs meno k\u016briniai parduodami galutinai. Ta\u010diau, jei turite koki\u0173 nors problem\u0173 d\u0117l u\u017esakymo, susisiekite su manimi <a href=\"mailto:info@violetakom.art\" target=\"_blank\" rel=\"noopener\">info@violetakom.art<\/a> per 2 darbo dienas nuo siuntos gavimo.<\/p>\n<p><button class=\"label collapsible-trigger collapsible-trigger-btn collapsible-trigger-btn--borders collapsible--auto-height is-open\" type=\"button\" aria-controls=\"Product-content-3e6c395c-2b00-41d3-b45c-72de68b7e9de7889762877659\" aria-expanded=\"true\">D\u0116MESIO<\/button><\/p>\n<div id=\"Product-content-3e6c395c-2b00-41d3-b45c-72de68b7e9de7889762877659\" class=\"collapsible-content collapsible-content--all is-open\">\n<div class=\"collapsible-content__inner rte\">\n<p>Visi paveikslai yra profesionaliai nufotografuoti. Ta\u010diau kiekviename monitoriuje spalvos rodomos skirtingai ir gali \u0161iek tiek skirtis nuo originalaus paveikslo.<\/p>\n<\/div>\n<\/div>\n<\/div>\n<\/div>\n<\/div>\n<\/div>\n<\/div>\n<\/div>\n<\/div>\n<\/div>","protected":false},"excerpt":{"rendered":"<p>\u201cLag\u016bna\u201d \u2014 140\u00d770\u00d73.5 cm<\/p>\n<p><span style=\"font-size: 16px;\">Didelis, spalvingas, abstraktus meno k\u016brinys lietas ant drob\u0117s. Autorinis meninink\u0117s Violetos Kom darbas. \u0160is originalus paveikslas sukurtas mai\u0161ant skysto meno technikas ir papildytas nat\u016braliais ingredientais: j\u016bros kriaukl\u0117mis, dekoratyviniais akmenimis...<\/span><\/p>\n<p><span style=\"font-weight: 400;\">Visos detal\u0117s \u012fkomponuotos naudojant autor\u0117s sukurt\u0105 \u201cKlijam Ne\u201d technik\u0105, kuri leid\u017eia sukurti vientis\u0105, tvirt\u0105 3D meno k\u016brin\u012f..<\/span><\/p>\n<p>Paveiksl\u0105 galima pasukti ir pakabinti bet kuria kryptimi, taip suteikiant daugiau galim\u0173 variant\u0173.<\/p>\n<p>Autor\u0117s ranka pasira\u0161yti ir datuoti.<\/p>\n<p>Pridedami autenti\u0161kumo sertifikatai<span tabindex=\"0\" role=\"tooltip\"><span class=\"povykd\" tabindex=\"0\" role=\"button\" data-enable-toggle-animation=\"true\" data-extra-container-classes=\"ZLo7Eb\" data-hover-hide-delay=\"1000\" data-hover-open-delay=\"500\" data-send-open-event=\"true\" data-theme=\"0\" data-width=\"250\" data-ved=\"2ahUKEwjc6IHgp9H7AhWlVqQEHZ33BDIQmpgGegQIJBAD\"><span class=\"JPfdse\" data-bubble-link=\"\" data-segment-text=\"certificate of authenticity\">.<\/span><\/span><\/span><\/p>\n<p>&nbsp;<\/p>\n<p>&nbsp;<\/p>","protected":false},"featured_media":2706,"comment_status":"closed","ping_status":"closed","template":"","meta":{"site-sidebar-layout":"default","site-content-layout":"default","ast-site-content-layout":"default","site-content-style":"default","site-sidebar-style":"default","ast-global-header-display":"","ast-banner-title-visibility":"","ast-main-header-display":"","ast-hfb-above-header-display":"","ast-hfb-below-header-display":"","ast-hfb-mobile-header-display":"","site-post-title":"","ast-breadcrumbs-content":"","ast-featured-img":"","footer-sml-layout":"","theme-transparent-header-meta":"default","adv-header-id-meta":"","stick-header-meta":"","header-above-stick-meta":"","header-main-stick-meta":"","header-below-stick-meta":"","astra-migrate-meta-layouts":"set","ast-page-background-enabled":"default","ast-page-background-meta":{"desktop":{"background-color":"","background-image":"","background-repeat":"repeat","background-position":"center center","background-size":"auto","background-attachment":"scroll","background-type":"","background-media":"","overlay-type":"","overlay-color":"","overlay-opacity":"","overlay-gradient":""},"tablet":{"background-color":"","background-image":"","background-repeat":"repeat","background-position":"center center","background-size":"auto","background-attachment":"scroll","background-type":"","background-media":"","overlay-type":"","overlay-color":"","overlay-opacity":"","overlay-gradient":""},"mobile":{"background-color":"","background-image":"","background-repeat":"repeat","background-position":"center center","background-size":"auto","background-attachment":"scroll","background-type":"","background-media":"","overlay-type":"","overlay-color":"","overlay-opacity":"","overlay-gradient":""}},"ast-content-background-meta":{"desktop":{"background-color":"var(--ast-global-color-5)","background-image":"","background-repeat":"repeat","background-position":"center center","background-size":"auto","background-attachment":"scroll","background-type":"","background-media":"","overlay-type":"","overlay-color":"","overlay-opacity":"","overlay-gradient":""},"tablet":{"background-color":"var(--ast-global-color-5)","background-image":"","background-repeat":"repeat","background-position":"center center","background-size":"auto","background-attachment":"scroll","background-type":"","background-media":"","overlay-type":"","overlay-color":"","overlay-opacity":"","overlay-gradient":""},"mobile":{"background-color":"var(--ast-global-color-5)","background-image":"","background-repeat":"repeat","background-position":"center center","background-size":"auto","background-attachment":"scroll","background-type":"","background-media":"","overlay-type":"","overlay-color":"","overlay-opacity":"","overlay-gradient":""}}},"product_brand":[],"product_cat":[19],"product_tag":[54,52,53,55,69,29,102,56,70,50,49,67,68,103,30,61,63,83,57,66,59,79,86,87,88,78,77,76,28,60,104,90,99,80,64,97,65,31,85,98,51,95,62,58,84,112,82,47,72,96,39,37,38,40,89,92,36,32,33,34,35,91,93,94,101,81,42,46,44,43,48,27,45,71,107,110,106,109,111,75,73,74,41,100,108],"class_list":{"0":"post-2690","1":"product","2":"type-product","3":"status-publish","4":"has-post-thumbnail","6":"product_cat-sea","7":"product_tag-abstract_art","8":"product_tag-abstractart","9":"product_tag-abstractartists","10":"product_tag-abstractpainter","11":"product_tag-abstractpaintings","12":"product_tag-acryl","13":"product_tag-acrylicart","14":"product_tag-acryliconcanvas","15":"product_tag-acrylicpaint","16":"product_tag-acrylicpaintings","17":"product_tag-acrylicpaintingsoncanvas","18":"product_tag-acrylicpouring","19":"product_tag-acrylicpouringart","20":"product_tag-acrylics","21":"product_tag-acrylpaintings","22":"product_tag-art","23":"product_tag-art_dailydose","24":"product_tag-artcollections","25":"product_tag-artcollector","26":"product_tag-artdaily","27":"product_tag-artdealers","28":"product_tag-artdeco","29":"product_tag-artexhibition","30":"product_tag-artexhibitions","31":"product_tag-artfestival","32":"product_tag-artforsale","33":"product_tag-artgalleries","34":"product_tag-artgallery","35":"product_tag-artist","36":"product_tag-artistes","37":"product_tag-artistoftheday","38":"product_tag-artistoninstagram","39":"product_tag-artlife","40":"product_tag-artpaintings","41":"product_tag-artstudio","42":"product_tag-artsy","43":"product_tag-artvideo","44":"product_tag-artwork","45":"product_tag-commissioners","46":"product_tag-contemporaryart","47":"product_tag-contemporaryartists","48":"product_tag-coolart","49":"product_tag-creativeprocess","50":"product_tag-creatuvelife","51":"product_tag-customart","52":"product_tag-fine-art","53":"product_tag-fineart","54":"product_tag-fluidart","55":"product_tag-fluidartist","56":"product_tag-funart","57":"product_tag-homedecor","58":"product_tag-homeinspiration","59":"product_tag-homeinterior","60":"product_tag-homesweethome","61":"product_tag-instaart","62":"product_tag-instapainting","63":"product_tag-interiordecor","64":"product_tag-interiordecorating","65":"product_tag-interiordesign","66":"product_tag-interiordesignideas","67":"product_tag-interiorstyling","68":"product_tag-intstagramartist","69":"product_tag-myart","70":"product_tag-myartwork","71":"product_tag-onlineart","72":"product_tag-originalpaintings","73":"product_tag-paint","74":"product_tag-painter","75":"product_tag-paintersofinstagram","76":"product_tag-paintingart","77":"product_tag-paintingoftheday","78":"product_tag-paintingsforsale","79":"product_tag-paintingsoncanvas","80":"product_tag-pouringart","81":"product_tag-seascape","82":"product_tag-seascape-art","83":"product_tag-seascape-painting","84":"product_tag-seascape-paintings","85":"product_tag-seashells","86":"product_tag-texturedacrylicpaintings","87":"product_tag-texturedart","88":"product_tag-texturedpaintings","89":"product_tag-violetakomart","90":"product_tag-visualart","91":"product_tag-wall-art","92":"desktop-align-center","93":"tablet-align-left","94":"mobile-align-left","96":"first","97":"instock","98":"sold-individually","99":"shipping-taxable","100":"purchasable","101":"product-type-simple"},"_links":{"self":[{"href":"https:\/\/shop.violetakom.art\/lt\/wp-json\/wp\/v2\/product\/2690","targetHints":{"allow":["GET"]}}],"collection":[{"href":"https:\/\/shop.violetakom.art\/lt\/wp-json\/wp\/v2\/product"}],"about":[{"href":"https:\/\/shop.violetakom.art\/lt\/wp-json\/wp\/v2\/types\/product"}],"replies":[{"embeddable":true,"href":"https:\/\/shop.violetakom.art\/lt\/wp-json\/wp\/v2\/comments?post=2690"}],"wp:featuredmedia":[{"embeddable":true,"href":"https:\/\/shop.violetakom.art\/lt\/wp-json\/wp\/v2\/media\/2706"}],"wp:attachment":[{"href":"https:\/\/shop.violetakom.art\/lt\/wp-json\/wp\/v2\/media?parent=2690"}],"wp:term":[{"taxonomy":"product_brand","embeddable":true,"href":"https:\/\/shop.violetakom.art\/lt\/wp-json\/wp\/v2\/product_brand?post=2690"},{"taxonomy":"product_cat","embeddable":true,"href":"https:\/\/shop.violetakom.art\/lt\/wp-json\/wp\/v2\/product_cat?post=2690"},{"taxonomy":"product_tag","embeddable":true,"href":"https:\/\/shop.violetakom.art\/lt\/wp-json\/wp\/v2\/product_tag?post=2690"}],"curies":[{"name":"wp","href":"https:\/\/api.w.org\/{rel}","templated":true}]}}